{"id":10490,"date":"2020-02-13T14:00:24","date_gmt":"2020-02-13T13:00:24","guid":{"rendered":"https:\/\/www.bcsss.org\/homo-digitalis-tagung\/"},"modified":"2020-02-13T14:00:24","modified_gmt":"2020-02-13T13:00:24","slug":"homo-digitalis-tagung","status":"publish","type":"page","link":"https:\/\/www.bcsss.org\/de\/programme\/human-digitalization\/homo-digitalis-tagung\/","title":{"rendered":"Homo Digitalis Tagung"},"content":{"rendered":"<p>*** UPDATE: Wir haben die M\u00f6glichkeit einer Online-Sitzung eingerichtet und werden dank der Bereitschaft unserer Experten die Sitzung am 19. M\u00e4rz von 9 bis 12:30 Uhr online abhalten. Wenn Sie daran teilnehmen m\u00f6chten, besuchen Sie bitte LINK. Das Programm ist zeitlich verk\u00fcrzt und wird nur in deutscher Sprache abgehalten. Wir werden die Tagung aufzeichnen und ihren Inhalt sp\u00e4ter auf unserer Website und in weiteren Kan\u00e4len ver\u00f6ffentlichen.<\/p>\n<p><strong>Donnerstag 19.3. <\/strong><\/p>\n<p>VIDEO-KONFERENZ MIT IMPULS-VORTR\u00c4GEN (20 min + 10 min Diskussion)<\/p>\n<p><strong>9:00 <\/strong>Begru\u0308\u00dfung durch Organisatoren<\/p>\n<p><strong>Felix TRETTER &amp; Stefan BLACHFELLNER<\/strong><br \/>\nBCSSS, Wien<\/p>\n<p><strong>9:30 Felix TRETTER<\/strong><\/p>\n<p>BCSSS, Wien<\/p>\n<p><strong><em>Einfu\u0308hrung Homo sapiens, Homo neurobiologicus und Homo digitalis \u2013 anthropologische Perspektiven<\/em><\/strong><\/p>\n<p><strong><em> <\/em><\/strong><\/p>\n<p><strong>9:45 Thomas SCHMAUS<\/strong><\/p>\n<p>Alanus Hochschule; Alfter\/Bonn<br \/>\n<strong><em>Der (un-)berechenbare Mensch. Philosophische Bemerkungen zur digitalen Zukunftsfa\u0308higkeit <\/em><\/strong><\/p>\n<p><strong> <\/strong><\/p>\n<p><strong>10:15 Eckhard FRICK <\/strong><\/p>\n<p>Hochschule fu\u0308r Philosophie, Mu\u0308nchen<\/p>\n<p><strong><em>Psychosomatische Anthropologie angesichts der Digitalisierung. <\/em><\/strong><\/p>\n<p><strong> <\/strong><\/p>\n<p><strong>10:45 Gerhard GRU\u0308NDER <\/strong><\/p>\n<p>Zentralinstitut fu\u0308r Seelische Gesundheit, Mannheim<\/p>\n<p><strong><em>Homo neurobiologicus und die digitale Psychiatrie. <\/em><\/strong><\/p>\n<p><strong> <\/strong><\/p>\n<p><strong>11:15 <\/strong>WIENER KREISE: IMPULSE &amp; DISKURSE<\/p>\n<p><strong>Julia NEIDHARDT\/ Hannes WERTHNER <\/strong><\/p>\n<p>Informatik, TU Wien<br \/>\nVienna Manifesto<\/p>\n<p>on \u201eDigital Humanism\u201d<\/p>\n<p><strong>11:45 Peter REICHL<\/strong><br \/>\nInformatik, Uni Wien<br \/>\n<strong><em>Projekt PANDORA &#8211; Philosophische Anthropologie im Digitalen Wandel<\/em><\/strong><\/p>\n<p><strong>Christopher FRAUENBERGER <\/strong><\/p>\n<p>Informatik, TU Wien<\/p>\n<p><strong><em>Mensch-Maschine Interaktion <\/em><\/strong><\/p>\n<p><strong>Michael FUNK <\/strong><\/p>\n<p>Technikphilosophie, Uni Wien<\/p>\n<p>Authentische Empathie \u2013 die Grenzen der humanoiden Roboter<\/p>\n<p><strong>12:15 Diskussion<\/strong><\/p>\n<p><strong>12:30 ENDE <\/strong><\/p>\n<p>&#8212;&#8212;&#8212;&#8212;&#8212;&#8212;&#8212;&#8212;&#8212;&#8212;&#8212;&#8212;&#8212;&#8212;&#8212;&#8212;&#8212;-<\/p>\n<p>***ATTENTION: As of March 11, this event is CANCLED AS AN ON-SITE EVENT event in Vienna. Due to the current development of the COVID-19 epidemic, the BCSSS is following Austrian universities and public policy decisions in this regard. If you had already purchased tickets for this event, please check your inbox for an e-mail by us and by Eventbrite, confirming the re-imbursement of your costs.<\/p>\n<p>We are working on a solution to hold the event as a series of ONLINE LECTURES. Please sign up for our newsletter to receive the latest information on the situation as well as upcoming lectures and offers by BCSSS.<\/p>\n<p>Stay informed and stay safe.<\/p>\n<p>***<\/p>\n<p>&#8212;&#8212;&#8212;&#8212;&#8212;&#8212;&#8212;&#8212;&#8212;&#8212;&#8212;&#8212;&#8212;&#8212;&#8212;&#8212;&#8212;-<\/p>\n<p>***ACHTUNG: Laut neuestem Stand von 11. M\u00e4rz ist diese Veranstaltung ABGESAGT ALS PR\u00c4SENZVERANSTALTUNG in Wien. Durch die derzeitigen Entwicklungen der COVID-19 Epidemie folgt das BCSSS den \u00f6sterreichischen Universit\u00e4ten und \u00f6ffentlichen Beschl\u00fcssen in dieser Hinsicht. Sollten Sie bei Eventbrite Tickets bestellt haben, so sind diese bereits zur\u00fcckerstattet. Sie haben hierzu ein E-Mail von unserem B\u00fcro sowie von Eventbrite erhalten.<\/p>\n<p>Wir arbeiten derzeit an einer L\u00f6sung f\u00fcr eine VIRTUELLE KONFERENZ bzw. VORTRAGSREIHE. Bitte melden Sie sich f\u00fcr unseren Newsletter an, um zeitgerecht Neuigkeiten hierzu sowie zu weiteren digitalen Angeboten es BCSSS zu erhalten.<\/p>\n<p>Wir w\u00fcnschen Ihnen, dass Sie in dieser Situation Zeit und Ruhe f\u00fcr sich und Ihre Familie finden und gesund bleiben. ***<\/p>\n<p><strong>Homo Digitalis und die CONDITIO HUMANA: <\/strong><\/p>\n<p><strong>Mensch und Menschenbild im Zeitalter der Digitalisierung<\/strong><\/p>\n<p><a href=\"https:\/\/www.bcsss.org\/wp-content\/uploads\/2020\/03\/homo-digitalis-header2.jpg\"><img loading=\"lazy\" class=\"alignnone wp-image-7687 size-large\" src=\"https:\/\/www.bcsss.org\/wp-content\/uploads\/2020\/03\/homo-digitalis-header2-1024x199.jpg\" alt=\"\" width=\"605\" height=\"118\" srcset=\"https:\/\/www.bcsss.org\/wp-content\/uploads\/2020\/03\/homo-digitalis-header2-1024x199.jpg 1024w, https:\/\/www.bcsss.org\/wp-content\/uploads\/2020\/03\/homo-digitalis-header2-600x117.jpg 600w, https:\/\/www.bcsss.org\/wp-content\/uploads\/2020\/03\/homo-digitalis-header2-300x58.jpg 300w, https:\/\/www.bcsss.org\/wp-content\/uploads\/2020\/03\/homo-digitalis-header2-768x150.jpg 768w, https:\/\/www.bcsss.org\/wp-content\/uploads\/2020\/03\/homo-digitalis-header2-100x19.jpg 100w, https:\/\/www.bcsss.org\/wp-content\/uploads\/2020\/03\/homo-digitalis-header2-150x29.jpg 150w, https:\/\/www.bcsss.org\/wp-content\/uploads\/2020\/03\/homo-digitalis-header2-200x39.jpg 200w, https:\/\/www.bcsss.org\/wp-content\/uploads\/2020\/03\/homo-digitalis-header2-450x88.jpg 450w, https:\/\/www.bcsss.org\/wp-content\/uploads\/2020\/03\/homo-digitalis-header2-900x175.jpg 900w, https:\/\/www.bcsss.org\/wp-content\/uploads\/2020\/03\/homo-digitalis-header2.jpg 1412w\" sizes=\"(max-width: 605px) 100vw, 605px\" \/><\/a><\/p>\n<p>Digitalisierung, etwa in Form von beeindruckenden Leistungen von Artificial Intelligence, Machine Learning und Big Data, wird t\u00e4glich in den Medien thematisiert. Nicht nur intellektuelle Leistungen des Menschen oder Verhaltensvorhersagen durch seinen \u201cDatenschatten\u201c, sondern auch \u201eEmpathie\u201c soll von Maschinen (besser) realisiert werden k\u00f6nnen. Mit diesen Befunden tritt ein neues \u201etechnomorphes\u201c Menschenbild in Erscheinung, das den Menschen als Informationsprozessor darstellt, der durch Daten und Regeln hinreichend abbildbar und steuerbar ist. Das spiegelt sich auch im digitalen Alltag, der h\u00e4ufig zu affektiv-kognitiven \u00dcberforderungen (z.B. digitaler Stress) und Entgleisungen (z.B. suchtartiges Verhalten) f\u00fchrt, vor allem bei unterschiedlichen Personengruppen wie vor allem \u00e4lteren Menschen.<\/p>\n<p>Im Gegensatz dazu ist im klassischen humanistischen Verst\u00e4ndnis der Mensch ein sozial eingebettetes handelndes Wesen, also ein situiertes Subjekt, mit besonderem Potenzial zur Einsichtsf\u00e4higkeit, Selbst-Reflexion, endogener (spontaner) und sch\u00f6pferischer Sinn- und Zielsetzung, Entscheidungsfreiheit, Verantwortungs- und Steuerungsf\u00e4higkeit.<\/p>\n<p>Es m\u00fcssen also zur besseren Verdeutlichung des humanistischen Menschenbildes die Grenzen von Mensch und Maschine grundlegend neu ausgelotet werden. Dies ist im Lichte eines \u201eDigitalen Humanismus\u201c, dem sich die Stadt Wien verbunden sieht, zu untersuchen.<\/p>\n<p>Mi: 18. M\u00e4rz. 2020, 18:00 \u2013 20:30 Uhr Sky Lounge, Oskar-Morgenstern-Platz 1<\/p>\n<p>Do 19. M\u00e4rz 2020, 9:00 \u2013 18:30 Campus Univ. Wien, Alte Kapelle Spitalgasse2<\/p>\n<p>Veranstaltet vom Bertalanffy Center for the Study of Systems Science (BCSSS), initiiert von Vizepr\u00e4sident BCSSS Felix Tretter in Kooperation mit:<\/p>\n<ul>\n<li>Universit\u00e4t Wien (Mathematik: Radu Bot, Informatik: Peter Reichl, Philosophie: Michael Funk, Biologie: Wolfram Weckwerth)<\/li>\n<li>TU Wien (Informatik: Julia Neidhardt , Christoph Frauenberger)<\/li>\n<li>Stadt Wien<\/li>\n<\/ul>\n<p><a href=\"https:\/\/www.bcsss.org\/wp-content\/uploads\/2020\/03\/Partnerlogos.jpg\"><img loading=\"lazy\" class=\"alignnone size-medium wp-image-7693\" src=\"https:\/\/www.bcsss.org\/wp-content\/uploads\/2020\/03\/Partnerlogos-300x68.jpg\" alt=\"\" width=\"300\" height=\"68\" srcset=\"https:\/\/www.bcsss.org\/wp-content\/uploads\/2020\/03\/Partnerlogos-300x68.jpg 300w, https:\/\/www.bcsss.org\/wp-content\/uploads\/2020\/03\/Partnerlogos-100x23.jpg 100w, https:\/\/www.bcsss.org\/wp-content\/uploads\/2020\/03\/Partnerlogos-150x34.jpg 150w, https:\/\/www.bcsss.org\/wp-content\/uploads\/2020\/03\/Partnerlogos-200x45.jpg 200w, https:\/\/www.bcsss.org\/wp-content\/uploads\/2020\/03\/Partnerlogos-450x102.jpg 450w, https:\/\/www.bcsss.org\/wp-content\/uploads\/2020\/03\/Partnerlogos.jpg 495w\" sizes=\"(max-width: 300px) 100vw, 300px\" \/><\/a><\/p>\n<p><a href=\"https:\/\/www.bcsss.org\/wp-content\/uploads\/2020\/03\/BCSSS_HomoDigitalis2020.pdf\">Alle Informationen zu Programm und Anmeldung<\/a><\/p>\n<p>Registrieren Sie sich jetzt auf <a href=\"http:\/\/www.bcsss-homo-digitalis.eventbrite.at\" target=\"_blank\" rel=\"noopener noreferrer\">Eventbrite<\/a>!<\/p>\n<p><strong>Anreise<\/strong><\/p>\n<p><strong>Skylounge am Oskar-Morgenstern-Platz 1:<\/strong> erreichbar mit U4 Ro\u00dfauerl\u00e4nde \/ U4 Schottenring oder U2 Schottentor<\/p>\n<p><a href=\"https:\/\/www.bcsss.org\/wp-content\/uploads\/2020\/03\/Anreise_OskarMorgenstern.jpg\"><img loading=\"lazy\" class=\"alignnone wp-image-8771 size-full\" src=\"https:\/\/www.bcsss.org\/wp-content\/uploads\/2020\/03\/Anreise_OskarMorgenstern.jpg\" alt=\"\" width=\"883\" height=\"871\" srcset=\"https:\/\/www.bcsss.org\/wp-content\/uploads\/2020\/03\/Anreise_OskarMorgenstern.jpg 883w, https:\/\/www.bcsss.org\/wp-content\/uploads\/2020\/03\/Anreise_OskarMorgenstern-100x99.jpg 100w, https:\/\/www.bcsss.org\/wp-content\/uploads\/2020\/03\/Anreise_OskarMorgenstern-600x592.jpg 600w, https:\/\/www.bcsss.org\/wp-content\/uploads\/2020\/03\/Anreise_OskarMorgenstern-300x296.jpg 300w, https:\/\/www.bcsss.org\/wp-content\/uploads\/2020\/03\/Anreise_OskarMorgenstern-768x758.jpg 768w, https:\/\/www.bcsss.org\/wp-content\/uploads\/2020\/03\/Anreise_OskarMorgenstern-150x148.jpg 150w, https:\/\/www.bcsss.org\/wp-content\/uploads\/2020\/03\/Anreise_OskarMorgenstern-200x197.jpg 200w, https:\/\/www.bcsss.org\/wp-content\/uploads\/2020\/03\/Anreise_OskarMorgenstern-450x444.jpg 450w\" sizes=\"(max-width: 883px) 100vw, 883px\" \/><\/a><br \/>\n<strong>Alte Kapelle am Alten Campus der Universit\u00e4t Wien:<\/strong> erreichbar mit den Linien 5\/33\/43\/13A, Station Lange Gasse \/ Lazarettgasse<\/p>\n<p><a href=\"https:\/\/www.bcsss.org\/wp-content\/uploads\/2020\/03\/Anreise_AlteKapelle.jpg\"><img loading=\"lazy\" class=\"alignnone wp-image-8770 size-full\" src=\"https:\/\/www.bcsss.org\/wp-content\/uploads\/2020\/03\/Anreise_AlteKapelle.jpg\" alt=\"\" width=\"598\" height=\"740\" srcset=\"https:\/\/www.bcsss.org\/wp-content\/uploads\/2020\/03\/Anreise_AlteKapelle.jpg 598w, https:\/\/www.bcsss.org\/wp-content\/uploads\/2020\/03\/Anreise_AlteKapelle-242x300.jpg 242w, https:\/\/www.bcsss.org\/wp-content\/uploads\/2020\/03\/Anreise_AlteKapelle-100x124.jpg 100w, https:\/\/www.bcsss.org\/wp-content\/uploads\/2020\/03\/Anreise_AlteKapelle-150x186.jpg 150w, https:\/\/www.bcsss.org\/wp-content\/uploads\/2020\/03\/Anreise_AlteKapelle-200x247.jpg 200w, https:\/\/www.bcsss.org\/wp-content\/uploads\/2020\/03\/Anreise_AlteKapelle-300x371.jpg 300w, https:\/\/www.bcsss.org\/wp-content\/uploads\/2020\/03\/Anreise_AlteKapelle-450x557.jpg 450w\" sizes=\"(max-width: 598px) 100vw, 598px\" \/><\/a><\/p>\n<p><strong>Literatur zur Tagung<\/strong><\/p>\n<p>* Anderson, Chris. 2008. \u201cThe End of Theory: The Data Deluge Makes the Scientific Method Obsolete.\u201d WIRED Magazine 16\/07. http:\/\/www.wired.com\/science\/discoveries\/magazine\/16-07\/pb_theory<\/p>\n<p>* Bertalanffy, L.v. 1967. Robots, men and minds. Braziller, New York<\/p>\n<p>* Bunge M (1998). Philosophy of Science. 2 Bde. Transaction Publishers, Piscataway, NJ<\/p>\n<p>* Dreyfus, Hubert L. (1985), Die Grenzen der k\u00fcnstlichen Intelligenz. Was Computer nicht k\u00f6nnen (orig. 1972, erw. Fassung 1979), K\u00f6nigstein\/Ts.: athen\u00e4um.<\/p>\n<p>* Fodor, Jerry A. (1975), The Language of Thought, New York: Cambridge, Mass.: Harvard Univ. Press.<\/p>\n<p>* Foerster, Heinz von (1993), KybernEthik, Berlin: Merve.<\/p>\n<p>* Gigerenzer, G. 2007. Gut feelings. The intelligence of the unconscious and the power of intuition. Penguin, London<\/p>\n<p>* Harari N. Y. 2018. Homo deus: Eine Geschichte von Morgen. Beck, M\u00fcnchen<\/p>\n<p>* Hofstetter, Y. 2016: Das Ende der Demokratie: Wie die k\u00fcnstliche Intelligenz die Politik \u00fcbernimmt und uns entm\u00fcndigt. Bertelsmann<\/p>\n<p>* Kraemer, S. (1988), Symbolische Maschinen, Darmstadt: Wiss. Buchgesellschaft.<\/p>\n<p>* Mainzer, K. 2014. Die Berechnung der Welt: Von der Weltformel zu Big Data. Beck, M\u00fcnchen<\/p>\n<p>* Mainzer, K. 2019. K\u00fcnstliche Intelligenz \u2013 Wann \u00fcbernehmen die Maschinen? Springer, Berlin<\/p>\n<p>* Mainzer, K. 2020. Philosophisches Handbuch K\u00fcnstliche Intelligenz. Springer, Berlin<\/p>\n<p>* Marcuse, H. Der eindimensionale Mensch. Luchterhand, Frankfurt \u2026 1967<\/p>\n<p>* Minsky, M. (1990), Mentopolis (orig. 1985), Stuttgart: Klett-Cotta.<\/p>\n<p>* Mittelstra\u00df, J., (2003): Transdisciplinarity &#8211; scientific future and institutional reality. Constance (Constance University Speeches 214)<\/p>\n<p>* Moravec, H. (1990), Mind Children (orig. 1988), Hamburg: Hoffmann &amp; Campe.<\/p>\n<p>* Nassehi, A. (2019). Muster: Theorie der digitalen Gesellschaft. Beck, M\u00fcnchen<\/p>\n<p>* Nida-R\u00fcmelin, J, Weidenfeld, N. 2018. Digitaler Humanismus. Piper,. M\u00fcnchen<\/p>\n<p>* Pauen, Michael (2001), Grundprobleme der Philosophie des Geistes, Frankfurt a.M.: Fischer.<\/p>\n<p>* Putnam, Hilary (1991): Repr\u00e4sentation und Realit\u00e4t (orig. 1988), Frankfurt a.M.: Suhrkamp.<\/p>\n<p>* Searle, John R. (1980), \u201eMinds, brains, and programs\u201d, in: The Behavioral and Brain Sciences 3, S. 417-457.<\/p>\n<p>* Sosa, E.(2017). Epistemology. Princeton Univ. Press, Princeton<\/p>\n<p>* Tretter, F., Goldhorn, F. (Hg)(1993) Computer in der Psychiatrie. Asanger, Heidelberg<\/p>\n<p>* Tretter, F. 2008. \u00d6kologie der Person. Pabst, Lengerich<\/p>\n<p>* Tretter F, Foerstl H. (2008). &#8222;Homo neurobiologicus&#8220;&#8211;anthropological concepts in modern psychiatry Neuropsychiatr. 2008;22(3):214-8. German. PMID:18826875<\/p>\n<p>* Tretter, F., Gr\u00fcnhut, C. (2010). Ist das Gehirn der Geist? Hogrefe G\u00f6ttingen<\/p>\n<p>* Tretter, F. (2017). Homo Informaticus: Image of Man in Information Society. World Scientific Series in Information StudiesThe Future Information Society, pp. 475-505 (2017), https:\/\/doi.org\/10.1142\/9789813108974_0027<\/p>\n<p>* Universit\u00e4t Wien (2020). Tagungsreihe Menschenbild im 21. Jahrhundert. https:\/\/vcc.univie.ac.at\/der-homo-oecologicus\/<\/p>\n<p>* Weizenbaum, J. (1977), Die Macht der Computer und die Ohnmacht der Vernunft (orig. 1976), Frankfurt a.M.: Suhrkamp.<\/p>\n<p>* Weizenbaum, J. (2001). Computermacht und Gesellschaft. Suhrkamp, Frankfurt<\/p>\n<p>* Wiener, N. (1952), Mensch und Menschmaschine (orig. 1950), Frankfurt a.M.: Alfred Metzner.<\/p>\n","protected":false},"excerpt":{"rendered":"<p>*** UPDATE: Wir haben die M\u00f6glichkeit einer Online-Sitzung eingerichtet und werden dank der Bereitschaft unserer Experten die Sitzung am 19. M\u00e4rz von 9 bis 12:30 Uhr online abhalten. Wenn Sie daran teilnehmen m\u00f6chten, besuchen Sie bitte LINK. Das Programm ist zeitlich verk\u00fcrzt und wird nur in deutscher Sprache abgehalten. Wir&#8230;<\/p>\n","protected":false},"author":7,"featured_media":0,"parent":10581,"menu_order":0,"comment_status":"closed","ping_status":"closed","template":"","meta":[],"amp_enabled":true,"_links":{"self":[{"href":"https:\/\/www.bcsss.org\/de\/wp-json\/wp\/v2\/pages\/10490"}],"collection":[{"href":"https:\/\/www.bcsss.org\/de\/wp-json\/wp\/v2\/pages"}],"about":[{"href":"https:\/\/www.bcsss.org\/de\/wp-json\/wp\/v2\/types\/page"}],"author":[{"embeddable":true,"href":"https:\/\/www.bcsss.org\/de\/wp-json\/wp\/v2\/users\/7"}],"replies":[{"embeddable":true,"href":"https:\/\/www.bcsss.org\/de\/wp-json\/wp\/v2\/comments?post=10490"}],"version-history":[{"count":0,"href":"https:\/\/www.bcsss.org\/de\/wp-json\/wp\/v2\/pages\/10490\/revisions"}],"up":[{"embeddable":true,"href":"https:\/\/www.bcsss.org\/de\/wp-json\/wp\/v2\/pages\/10581"}],"wp:attachment":[{"href":"https:\/\/www.bcsss.org\/de\/wp-json\/wp\/v2\/media?parent=10490"}],"curies":[{"name":"wp","href":"https:\/\/api.w.org\/{rel}","templated":true}]}}