{"id":11499,"date":"2021-07-12T21:18:02","date_gmt":"2021-07-12T19:18:02","guid":{"rendered":"https:\/\/www.bcsss.org\/mitarbeiter\/"},"modified":"2022-09-08T15:37:14","modified_gmt":"2022-09-08T13:37:14","slug":"mitarbeiter","status":"publish","type":"page","link":"https:\/\/www.bcsss.org\/de\/mitarbeiter\/","title":{"rendered":"Mitarbeiter"},"content":{"rendered":"<p>[vc_row overflow=&#8220;default&#8220; el_id=&#8220;staff&#8220; css=&#8220;.vc_custom_1626087048042{padding-top: 42px !important;padding-bottom: 42px !important;}&#8220;][vc_column][vc_row_inner overflow=&#8220;default&#8220;][vc_column_inner width=&#8220;1\/4&#8243;]\r\n<div class=\"sh-team sh-team-style1 sh-team-social-overlay2\" id=\"team-Dv5hLpcWBr\">\r\n\t\r\n\t\t<div class=\"sh-team-image\">\r\n\t\t\t<a href=\"https:\/\/www.bcsss.org\/wp-content\/uploads\/BCSSS-JTS_0101_2086_entw_ND-e1626119607309-1019x1024.jpg\" class=\"sh-team-image-position\" rel=\"lightbox\">\r\n\t\t\t\t\t\t\t\t\t<img src=\"https:\/\/www.bcsss.org\/wp-content\/uploads\/BCSSS-JTS_0101_2086_entw_ND-e1626119607309-660x660.jpg\" alt=\"\" \/>\r\n\t\t\t\t\t\t\t<\/a>\r\n\r\n\t\t\t\t\t\t\t<div class=\"sh-team-overlay2\">\r\n\t\t\t\t\t<div class=\"sh-team-icons sh-team-icons-overlay2\"><div class=\"sh-team-icons-container\"><a href=\"https:\/\/blachfellner.eu\/\" target=\"_blank\" class=\"sh-team-icon\">\r\n\t\t\t<div class=\"sh-team-icon-container\">\r\n\t\t\t\t<i class=\"icon-social-gplus\"><\/i>\r\n\t\t\t<\/div>\r\n\t\t<\/a><a href=\"https:\/\/www.linkedin.com\/in\/blachfellner\/\" target=\"_blank\" class=\"sh-team-icon\">\r\n\t\t\t<div class=\"sh-team-icon-container\">\r\n\t\t\t\t<i class=\"icon-social-linkedin\"><\/i>\r\n\t\t\t<\/div>\r\n\t\t<\/a><\/div><\/div>\t\t\t\t<\/div>\r\n\t\t\t\t\t<\/div>\r\n\r\n\t\t<div class=\"sh-team-aside\">\r\n\t\t\t<div class=\"sh-team-name\">\r\n\t\t\t\t<h3>Stefan Blachfellner<\/h3>\r\n\t\t\t<\/div>\r\n\t\t\t<div class=\"sh-team-role\">\r\n\t\t\t\tMANAGING DIRECTOR\t\t\t<\/div>\r\n\r\n\t\t\t\t\t\t\t<div class=\"sh-team-description\">\r\n\t\t\t\t\t<\/p>\n<p style=\"text-align: center\">seit April 2013<\/p>\n<p style=\"text-align: center\">in <a href=\"https:\/\/orcid.org\/0000-0003-4076-8922\" target=\"_blank\" rel=\"noopener\">ORCID<\/a><\/p>\n<p style=\"text-align: center\">in <a href=\"https:\/\/www.researchgate.net\/profile\/Stefan-Blachfellner\" target=\"_blank\" rel=\"noopener\">Researchgate<\/a><\/p>\n<p style=\"text-align: center\">Mail: stefan.blachfellner[at]bcsss.org<\/p>\n<p style=\"text-align: center\">Mobil: +43 676 6914488<\/p>\n<p>\t\t\t\t<\/div>\r\n\t\t\t\r\n\t\t\t\t\t<\/div>\r\n\r\n\t<\/div>\r\n            <style type=\"text\/css\">\r\n                #team-Dv5hLpcWBr .sh-team-role {color: #8c8063!important;}#team-Dv5hLpcWBr.sh-team-social-overlay .sh-team-icons {background-color: #8c8063;}            <\/style>\r\n        \r\n            \r\n            <div class=\"sh-empty-space vc_empty_space sh-empty-space-rjuBV8zx2F  \" style=\"height: 30px\">\r\n                <span class=\"vc_empty_space_inner\"><\/span>\r\n            <\/div>\r\n\r\n        [\/vc_column_inner][\/vc_row_inner][vc_row_inner overflow=&#8220;default&#8220;][vc_column_inner width=&#8220;1\/4&#8243;]\r\n<div class=\"sh-team sh-team-style1 sh-team-social-overlay2\" id=\"team-xdpvABk1SN\">\r\n\t\r\n\t\t<div class=\"sh-team-image\">\r\n\t\t\t<a href=\"https:\/\/www.bcsss.org\/wp-content\/uploads\/Juergen-Lenk-BCSSS_300dpi-e1626119903542.jpg\" class=\"\" rel=\"lightbox\">\r\n\t\t\t\t\t\t\t\t\t<img src=\"https:\/\/www.bcsss.org\/wp-content\/uploads\/Juergen-Lenk-BCSSS_300dpi-e1626119903542.jpg\" alt=\"\" \/>\r\n\t\t\t\t\t\t\t<\/a>\r\n\r\n\t\t\t\t\t\t\t<div class=\"sh-team-overlay2\">\r\n\t\t\t\t\t\t\t\t\t<\/div>\r\n\t\t\t\t\t<\/div>\r\n\r\n\t\t<div class=\"sh-team-aside\">\r\n\t\t\t<div class=\"sh-team-name\">\r\n\t\t\t\t<h3>J\u00fcrgen Lenk<\/h3>\r\n\t\t\t<\/div>\r\n\t\t\t<div class=\"sh-team-role\">\r\n\t\t\t\tARCHIVIST\t\t\t<\/div>\r\n\r\n\t\t\t\t\t\t\t<div class=\"sh-team-description\">\r\n\t\t\t\t\t<\/p>\n<p style=\"text-align: center\">seit M\u00e4rz 2012<\/p>\n<p style=\"text-align: center\">J\u00fcrgen studierte Philosophie und Geschichte an der Universit\u00e4t Wien, wo er au\u00dferdem in Philosophie promovierte. Er ist au\u00dferdem ausgebildeter Bibliothekar und Archivar.<\/p>\n<p>\t\t\t\t<\/div>\r\n\t\t\t\r\n\t\t\t\t\t<\/div>\r\n\r\n\t<\/div>\r\n            <style type=\"text\/css\">\r\n                #team-xdpvABk1SN .sh-team-role {color: #8c8063!important;}#team-xdpvABk1SN.sh-team-social-overlay .sh-team-icons {background-color: #8c8063;}            <\/style>\r\n        \r\n            \r\n            <div class=\"sh-empty-space vc_empty_space sh-empty-space-46DelHYbj1  \" style=\"height: 30px\">\r\n                <span class=\"vc_empty_space_inner\"><\/span>\r\n            <\/div>\r\n\r\n        [\/vc_column_inner][\/vc_row_inner][vc_row_inner overflow=&#8220;default&#8220;][vc_column_inner width=&#8220;1\/4&#8243;]\r\n<div class=\"sh-team sh-team-style1 sh-team-social-standard\" id=\"team-caSbE6V2mT\">\r\n\t\r\n\t\t<div class=\"sh-team-image\">\r\n\t\t\t<a href=\"https:\/\/cdn.shufflehound.com\/theme-element-templates\/jevelin\/Home_team_4.jpg\" class=\"\" rel=\"lightbox\">\r\n\t\t\t\t\t\t\t\t\t<img src=\"https:\/\/cdn.shufflehound.com\/theme-element-templates\/jevelin\/Home_team_4.jpg\" alt=\"\" \/>\r\n\t\t\t\t\t\t\t<\/a>\r\n\r\n\t\t\t\t\t<\/div>\r\n\r\n\t\t<div class=\"sh-team-aside\">\r\n\t\t\t<div class=\"sh-team-name\">\r\n\t\t\t\t<h3>It can be you!<\/h3>\r\n\t\t\t<\/div>\r\n\t\t\t<div class=\"sh-team-role\">\r\n\t\t\t\tWE ARE HIRING!\t\t\t<\/div>\r\n\r\n\t\t\t\t\t\t\t<div class=\"sh-team-description\">\r\n\t\t\t\t\t<\/p>\n<p style=\"text-align: center\">Wenn Sie Interesse an einem Praktikum im BCSSS haben, wenden Sie sich bitte an Stefan Blachfellner. Wir freuen uns darauf, Sie auf Ihrer Lernreise zu unterst\u00fctzen, Ihre Neugierde kennenzulernen und Ihre F\u00e4higkeiten weiter auszubauen. Unser Team und unsere Ziele sind dankbar f\u00fcr Ihre Unterst\u00fctzung.<\/p>\n<p>\t\t\t\t<\/div>\r\n\t\t\t\r\n\t\t\t\t\t<\/div>\r\n\r\n\t<\/div>\r\n            <style type=\"text\/css\">\r\n                #team-caSbE6V2mT .sh-team-role {color: #8c8063!important;}#team-caSbE6V2mT.sh-team-social-overlay .sh-team-icons {background-color: #8c8063;}            <\/style>\r\n        \r\n            \r\n            <div class=\"sh-empty-space vc_empty_space sh-empty-space-TfdiuF28eQ  \" style=\"height: 30px\">\r\n                <span class=\"vc_empty_space_inner\"><\/span>\r\n            <\/div>\r\n\r\n        [\/vc_column_inner][vc_column_inner width=&#8220;1\/4&#8243;]\r\n<div class=\"sh-team sh-team-style1 sh-team-social-overlay2\" id=\"team-R2PdH5qUxl\">\r\n\t\r\n\t\t<div class=\"sh-team-image\">\r\n\t\t\t<a href=\"https:\/\/www.bcsss.org\/wp-content\/uploads\/Judy-AlSaman.jpeg\" class=\"sh-team-image-position\" rel=\"lightbox\">\r\n\t\t\t\t\t\t\t\t\t<img src=\"https:\/\/www.bcsss.org\/wp-content\/uploads\/Judy-AlSaman-660x649.jpeg\" alt=\"\" \/>\r\n\t\t\t\t\t\t\t<\/a>\r\n\r\n\t\t\t\t\t\t\t<div class=\"sh-team-overlay2\">\r\n\t\t\t\t\t<div class=\"sh-team-icons sh-team-icons-overlay2\"><div class=\"sh-team-icons-container\"><a href=\"https:\/\/www.linkedin.com\/in\/judy-al-saman-52a77a176\" target=\"_blank\" class=\"sh-team-icon\">\r\n\t\t\t<div class=\"sh-team-icon-container\">\r\n\t\t\t\t<i class=\"icon-social-linkedin\"><\/i>\r\n\t\t\t<\/div>\r\n\t\t<\/a><\/div><\/div>\t\t\t\t<\/div>\r\n\t\t\t\t\t<\/div>\r\n\r\n\t\t<div class=\"sh-team-aside\">\r\n\t\t\t<div class=\"sh-team-name\">\r\n\t\t\t\t<h3>Judy Al Saman<\/h3>\r\n\t\t\t<\/div>\r\n\t\t\t<div class=\"sh-team-role\">\r\n\t\t\t\tINTERN\t\t\t<\/div>\r\n\r\n\t\t\t\t\t\t\t<div class=\"sh-team-description\">\r\n\t\t\t\t\t<\/p>\n<p style=\"text-align: center\">April 2021 &#8211; Juli 2021<\/p>\n<p style=\"text-align: center\">Politik- und Gesetzesanalysen<br \/>\nDesktop-Recherche<br \/>\nOrganisationsentwicklung<br \/>\nWissenschaftskommunikation\t\t\t\t<\/div>\r\n\t\t\t\r\n\t\t\t\t\t<\/div>\r\n\r\n\t<\/div>\r\n            <style type=\"text\/css\">\r\n                #team-R2PdH5qUxl .sh-team-role {color: #8c8063!important;}#team-R2PdH5qUxl.sh-team-social-overlay .sh-team-icons {background-color: #8c8063;}            <\/style>\r\n        \r\n            \r\n            <div class=\"sh-empty-space vc_empty_space sh-empty-space-OydsgX4G6U  \" style=\"height: 30px\">\r\n                <span class=\"vc_empty_space_inner\"><\/span>\r\n            <\/div>\r\n\r\n        [\/vc_column_inner][vc_column_inner width=&#8220;1\/4&#8243;]\r\n<div class=\"sh-team sh-team-style1 sh-team-social-overlay2\" id=\"team-VmPwKgoC5n\">\r\n\t\r\n\t\t<div class=\"sh-team-image\">\r\n\t\t\t<a href=\"https:\/\/www.bcsss.org\/wp-content\/uploads\/Fanny-Rovere.jpg\" class=\"sh-team-image-position\" rel=\"lightbox\">\r\n\t\t\t\t\t\t\t\t\t<img src=\"https:\/\/www.bcsss.org\/wp-content\/uploads\/Fanny-Rovere-660x660.jpg\" alt=\"\" \/>\r\n\t\t\t\t\t\t\t<\/a>\r\n\r\n\t\t\t\t\t\t\t<div class=\"sh-team-overlay2\">\r\n\t\t\t\t\t<div class=\"sh-team-icons sh-team-icons-overlay2\"><div class=\"sh-team-icons-container\"><a href=\"https:\/\/www.linkedin.com\/in\/fanny-rovere-2021\/\" target=\"_blank\" class=\"sh-team-icon\">\r\n\t\t\t<div class=\"sh-team-icon-container\">\r\n\t\t\t\t<i class=\"icon-social-linkedin\"><\/i>\r\n\t\t\t<\/div>\r\n\t\t<\/a><\/div><\/div>\t\t\t\t<\/div>\r\n\t\t\t\t\t<\/div>\r\n\r\n\t\t<div class=\"sh-team-aside\">\r\n\t\t\t<div class=\"sh-team-name\">\r\n\t\t\t\t<h3>Fanny Rovere<\/h3>\r\n\t\t\t<\/div>\r\n\t\t\t<div class=\"sh-team-role\">\r\n\t\t\t\tINTERN\t\t\t<\/div>\r\n\r\n\t\t\t\t\t\t\t<div class=\"sh-team-description\">\r\n\t\t\t\t\t<\/p>\n<p style=\"text-align: center\">Februar 2021 &#8211; Juni 2021<\/p>\n<p style=\"text-align: center\">Politik Analysen<br \/>\nDesktop-Recherche<br \/>\nF\u00f6rderantr\u00e4ge<br \/>\nWissenschaftskommunikation\t\t\t\t<\/div>\r\n\t\t\t\r\n\t\t\t\t\t<\/div>\r\n\r\n\t<\/div>\r\n            <style type=\"text\/css\">\r\n                #team-VmPwKgoC5n .sh-team-role {color: #8c8063!important;}#team-VmPwKgoC5n.sh-team-social-overlay .sh-team-icons {background-color: #8c8063;}            <\/style>\r\n        \r\n            \r\n            <div class=\"sh-empty-space vc_empty_space sh-empty-space-O2sLGxdPbw  \" style=\"height: 30px\">\r\n                <span class=\"vc_empty_space_inner\"><\/span>\r\n            <\/div>\r\n\r\n        [\/vc_column_inner][vc_column_inner width=&#8220;1\/4&#8243;]\r\n<div class=\"sh-team sh-team-style1 sh-team-social-overlay2\" id=\"team-CUZz7sbMVG\">\r\n\t\r\n\t\t<div class=\"sh-team-image\">\r\n\t\t\t<a href=\"https:\/\/www.bcsss.org\/wp-content\/uploads\/Max-Wels.jpg\" class=\"sh-team-image-position\" rel=\"lightbox\">\r\n\t\t\t\t\t\t\t\t\t<img src=\"https:\/\/www.bcsss.org\/wp-content\/uploads\/Max-Wels-660x660.jpg\" alt=\"\" \/>\r\n\t\t\t\t\t\t\t<\/a>\r\n\r\n\t\t\t\t\t\t\t<div class=\"sh-team-overlay2\">\r\n\t\t\t\t\t<div class=\"sh-team-icons sh-team-icons-overlay2\"><div class=\"sh-team-icons-container\"><a href=\"https:\/\/www.linkedin.com\/in\/maximilian-von-wels\/\" target=\"_blank\" class=\"sh-team-icon\">\r\n\t\t\t<div class=\"sh-team-icon-container\">\r\n\t\t\t\t<i class=\"icon-social-linkedin\"><\/i>\r\n\t\t\t<\/div>\r\n\t\t<\/a><\/div><\/div>\t\t\t\t<\/div>\r\n\t\t\t\t\t<\/div>\r\n\r\n\t\t<div class=\"sh-team-aside\">\r\n\t\t\t<div class=\"sh-team-name\">\r\n\t\t\t\t<h3>Max von Wels<\/h3>\r\n\t\t\t<\/div>\r\n\t\t\t<div class=\"sh-team-role\">\r\n\t\t\t\tINTERN\t\t\t<\/div>\r\n\r\n\t\t\t\t\t\t\t<div class=\"sh-team-description\">\r\n\t\t\t\t\t<\/p>\n<p style=\"text-align: center\">Februar 2021 &#8211; M\u00e4rz 2021<\/p>\n<p style=\"text-align: center\">Politik Analysen<br \/>\nDesktop-Recherche<br \/>\nF\u00f6rderantr\u00e4ge<br \/>\nWissenschaftskommunikation\t\t\t\t<\/div>\r\n\t\t\t\r\n\t\t\t\t\t<\/div>\r\n\r\n\t<\/div>\r\n            <style type=\"text\/css\">\r\n                #team-CUZz7sbMVG .sh-team-role {color: #8c8063!important;}#team-CUZz7sbMVG.sh-team-social-overlay .sh-team-icons {background-color: #8c8063;}            <\/style>\r\n        \r\n            \r\n            <div class=\"sh-empty-space vc_empty_space sh-empty-space-CRBIaex9g7  \" style=\"height: 30px\">\r\n                <span class=\"vc_empty_space_inner\"><\/span>\r\n            <\/div>\r\n\r\n        [\/vc_column_inner][\/vc_row_inner][\/vc_column][\/vc_row]<\/p>\n","protected":false},"excerpt":{"rendered":"<p>[vc_row overflow=&#8220;default&#8220; el_id=&#8220;staff&#8220; css=&#8220;.vc_custom_1626087048042{padding-top: 42px !important;padding-bottom: 42px !important;}&#8220;][vc_column][vc_row_inner overflow=&#8220;default&#8220;][vc_column_inner width=&#8220;1\/4&#8243;] Stefan Blachfellner MANAGING DIRECTOR seit April 2013 in ORCID in Researchgate Mail: stefan.blachfellner[at]bcsss.org Mobil: +43 676 6914488 [\/vc_column_inner][\/vc_row_inner][vc_row_inner overflow=&#8220;default&#8220;][vc_column_inner width=&#8220;1\/4&#8243;] J\u00fcrgen Lenk ARCHIVIST seit M\u00e4rz 2012 J\u00fcrgen studierte Philosophie und Geschichte an der Universit\u00e4t Wien, wo er au\u00dferdem in Philosophie&#8230;<\/p>\n","protected":false},"author":7,"featured_media":0,"parent":0,"menu_order":0,"comment_status":"closed","ping_status":"closed","template":"","meta":[],"amp_enabled":true,"_links":{"self":[{"href":"https:\/\/www.bcsss.org\/de\/wp-json\/wp\/v2\/pages\/11499"}],"collection":[{"href":"https:\/\/www.bcsss.org\/de\/wp-json\/wp\/v2\/pages"}],"about":[{"href":"https:\/\/www.bcsss.org\/de\/wp-json\/wp\/v2\/types\/page"}],"author":[{"embeddable":true,"href":"https:\/\/www.bcsss.org\/de\/wp-json\/wp\/v2\/users\/7"}],"replies":[{"embeddable":true,"href":"https:\/\/www.bcsss.org\/de\/wp-json\/wp\/v2\/comments?post=11499"}],"version-history":[{"count":27,"href":"https:\/\/www.bcsss.org\/de\/wp-json\/wp\/v2\/pages\/11499\/revisions"}],"predecessor-version":[{"id":11736,"href":"https:\/\/www.bcsss.org\/de\/wp-json\/wp\/v2\/pages\/11499\/revisions\/11736"}],"wp:attachment":[{"href":"https:\/\/www.bcsss.org\/de\/wp-json\/wp\/v2\/media?parent=11499"}],"curies":[{"name":"wp","href":"https:\/\/api.w.org\/{rel}","templated":true}]}}