{"id":11609,"date":"2021-07-13T13:16:55","date_gmt":"2021-07-13T11:16:55","guid":{"rendered":"https:\/\/www.bcsss.org\/?page_id=11609"},"modified":"2021-07-15T11:04:45","modified_gmt":"2021-07-15T09:04:45","slug":"vorstand","status":"publish","type":"page","link":"https:\/\/www.bcsss.org\/de\/vorstand\/","title":{"rendered":"Vorstand"},"content":{"rendered":"<p>[vc_row overflow=&#8220;default&#8220; css=&#8220;.vc_custom_1626087032810{padding-top: 42px !important;padding-bottom: 42px !important;}&#8220; el_id=&#8220;board&#8220;][vc_column][vc_row_inner overflow=&#8220;default&#8220;][vc_column_inner width=&#8220;1\/4&#8243;]\r\n<div class=\"sh-team sh-team-style1 sh-team-social-overlay2\" id=\"team-sCPe8VBq3H\">\r\n\t\r\n\t\t<div class=\"sh-team-image\">\r\n\t\t\t<a href=\"https:\/\/www.bcsss.org\/wp-content\/uploads\/Alexaner-Laszlo-e1626173177177.jpg\" class=\"sh-team-image-position\" rel=\"lightbox\">\r\n\t\t\t\t\t\t\t\t\t<img src=\"https:\/\/www.bcsss.org\/wp-content\/uploads\/Alexaner-Laszlo-e1626173177177.jpg\" alt=\"\" \/>\r\n\t\t\t\t\t\t\t<\/a>\r\n\r\n\t\t\t\t\t\t\t<div class=\"sh-team-overlay2\">\r\n\t\t\t\t\t<div class=\"sh-team-icons sh-team-icons-overlay2\"><div class=\"sh-team-icons-container\"><a href=\"https:\/\/alexanderlaszlo.net\" target=\"_blank\" class=\"sh-team-icon\">\r\n\t\t\t<div class=\"sh-team-icon-container\">\r\n\t\t\t\t<i class=\"icon-social-gplus\"><\/i>\r\n\t\t\t<\/div>\r\n\t\t<\/a><a href=\"https:\/\/www.linkedin.com\/in\/alexanderlaszlo\/\" target=\"_blank\" class=\"sh-team-icon\">\r\n\t\t\t<div class=\"sh-team-icon-container\">\r\n\t\t\t\t<i class=\"icon-social-linkedin\"><\/i>\r\n\t\t\t<\/div>\r\n\t\t<\/a><\/div><\/div>\t\t\t\t<\/div>\r\n\t\t\t\t\t<\/div>\r\n\r\n\t\t<div class=\"sh-team-aside\">\r\n\t\t\t<div class=\"sh-team-name\">\r\n\t\t\t\t<h3>Alexander Laszlo<\/h3>\r\n\t\t\t<\/div>\r\n\t\t\t<div class=\"sh-team-role\">\r\n\t\t\t\tPRESIDENT\t\t\t<\/div>\r\n\r\n\t\t\t\t\t\t\t<div class=\"sh-team-description\">\r\n\t\t\t\t\t<\/p>\n<p style=\"text-align: center\">seit April 2018<\/p>\n<p style=\"text-align: center\">The Laszlo Institute of New Paradigm Research (L-INPR), Buenos Aires, Argentinien<\/p>\n<p style=\"text-align: center\">in <a href=\"https:\/\/en.wikipedia.org\/wiki\/Alexander_Laszlo_(scientist)\" target=\"_blank\" rel=\"noopener\">Wikipedia<\/a><br \/>in <a href=\"https:\/\/orcid.org\/0000-0002-2243-4366\" target=\"_blank\" rel=\"noopener\">ORCID<\/a><br \/>in <a href=\"https:\/\/www.researchgate.net\/profile\/Alexander-Laszlo\" target=\"_blank\" rel=\"noopener\">Researchgate<\/a><br \/>in <a href=\"https:\/\/bcsss.academia.edu\/AlexanderLaszlo\" target=\"_blank\" rel=\"noopener\">Academia<\/a><\/p>\n<p style=\"text-align: center\">Mail: alexander.laszlo[at]bcsss.org<\/p>\n<p>\t\t\t\t<\/div>\r\n\t\t\t\r\n\t\t\t\t\t<\/div>\r\n\r\n\t<\/div>\r\n            <style type=\"text\/css\">\r\n                #team-sCPe8VBq3H .sh-team-role {color: #8c8063!important;}#team-sCPe8VBq3H.sh-team-social-overlay .sh-team-icons {background-color: #8c8063;}            <\/style>\r\n        \r\n            \r\n            <div class=\"sh-empty-space vc_empty_space sh-empty-space-31n7EKfZOg  \" style=\"height: 30px\">\r\n                <span class=\"vc_empty_space_inner\"><\/span>\r\n            <\/div>\r\n\r\n        [\/vc_column_inner][vc_column_inner width=&#8220;1\/4&#8243;]\r\n<div class=\"sh-team sh-team-style1 sh-team-social-overlay2\" id=\"team-wCplEqYZfQ\">\r\n\t\r\n\t\t<div class=\"sh-team-image\">\r\n\t\t\t<a href=\"https:\/\/www.bcsss.org\/wp-content\/uploads\/Felix-Tretter-1024x686.jpg\" class=\"sh-team-image-position\" rel=\"lightbox\">\r\n\t\t\t\t\t\t\t\t\t<img src=\"https:\/\/www.bcsss.org\/wp-content\/uploads\/Felix-Tretter-e1626173108968-660x660.jpg\" alt=\"\" \/>\r\n\t\t\t\t\t\t\t<\/a>\r\n\r\n\t\t\t\t\t\t\t<div class=\"sh-team-overlay2\">\r\n\t\t\t\t\t<div class=\"sh-team-icons sh-team-icons-overlay2\"><div class=\"sh-team-icons-container\"><a href=\"http:\/\/felix-tretter.de\" target=\"_blank\" class=\"sh-team-icon\">\r\n\t\t\t<div class=\"sh-team-icon-container\">\r\n\t\t\t\t<i class=\"icon-social-gplus\"><\/i>\r\n\t\t\t<\/div>\r\n\t\t<\/a><\/div><\/div>\t\t\t\t<\/div>\r\n\t\t\t\t\t<\/div>\r\n\r\n\t\t<div class=\"sh-team-aside\">\r\n\t\t\t<div class=\"sh-team-name\">\r\n\t\t\t\t<h3>Felix Tretter<\/h3>\r\n\t\t\t<\/div>\r\n\t\t\t<div class=\"sh-team-role\">\r\n\t\t\t\tVICE PRESIDENT\t\t\t<\/div>\r\n\r\n\t\t\t\t\t\t\t<div class=\"sh-team-description\">\r\n\t\t\t\t\t<\/p>\n<p style=\"text-align: center\">seit April 2018<\/p>\n<p style=\"text-align: center\">Deutsche Gesellschaft f\u00fcr Human\u00f6kologie<br \/>Bayerische Akademie f\u00fcr Sucht- und Gesundheitsfragen BAS e.V., M\u00fcnchen, Deutschland<\/p>\n<p style=\"text-align: center\">in <a href=\"https:\/\/en.wikipedia.org\/wiki\/Felix_Tretter\" target=\"_blank\" rel=\"noopener\">Wikipedia<\/a><br \/>in <a href=\"https:\/\/orcid.org\/0000-0002-1076-1220\" target=\"_blank\" rel=\"noopener\">ORCID<\/a><br \/>in <a href=\"https:\/\/www.researchgate.net\/profile\/Felix-Tretter\" target=\"_blank\" rel=\"noopener\">Researchgate<\/a><br \/>in <a href=\"https:\/\/lmu-munich.academia.edu\/felixtretter\" target=\"_blank\" rel=\"noopener\">Academia<\/a><\/p>\n<div id=\"team-fQ8E5viZXy\" class=\"sh-team sh-team-style1 sh-team-social-overlay2\">\n<div class=\"sh-team-aside\">\n<div class=\"sh-team-description\">\n<p style=\"text-align: center\">Mail: felix.tretter[at]bcsss.org<\/p>\n<\/div>\n<\/div>\n<\/div>\n<p>\t\t\t\t<\/div>\r\n\t\t\t\r\n\t\t\t\t\t<\/div>\r\n\r\n\t<\/div>\r\n            <style type=\"text\/css\">\r\n                #team-wCplEqYZfQ .sh-team-role {color: #8c8063!important;}#team-wCplEqYZfQ.sh-team-social-overlay .sh-team-icons {background-color: #8c8063;}            <\/style>\r\n        \r\n            \r\n            <div class=\"sh-empty-space vc_empty_space sh-empty-space-lUCTWSMPw9  \" style=\"height: 30px\">\r\n                <span class=\"vc_empty_space_inner\"><\/span>\r\n            <\/div>\r\n\r\n        [\/vc_column_inner][vc_column_inner width=&#8220;1\/4&#8243;]\r\n<div class=\"sh-team sh-team-style1 sh-team-social-overlay2\" id=\"team-poEyP9akUl\">\r\n\t\r\n\t\t<div class=\"sh-team-image\">\r\n\t\t\t<a href=\"https:\/\/www.bcsss.org\/wp-content\/uploads\/Thomas-Wallner-Drewitz-e1626297523563.jpg\" class=\"sh-team-image-position\" rel=\"lightbox\">\r\n\t\t\t\t\t\t\t\t\t<img src=\"https:\/\/www.bcsss.org\/wp-content\/uploads\/Thomas-Wallner-Drewitz-e1626297523563.jpg\" alt=\"\" \/>\r\n\t\t\t\t\t\t\t<\/a>\r\n\r\n\t\t\t\t\t\t\t<div class=\"sh-team-overlay2\">\r\n\t\t\t\t\t<div class=\"sh-team-icons sh-team-icons-overlay2\"><div class=\"sh-team-icons-container\"><a href=\"https:\/\/pure.fh-ooe.at\/en\/persons\/thomas-wallner-drewitz\" target=\"_blank\" class=\"sh-team-icon\">\r\n\t\t\t<div class=\"sh-team-icon-container\">\r\n\t\t\t\t<i class=\"icon-social-gplus\"><\/i>\r\n\t\t\t<\/div>\r\n\t\t<\/a><a href=\"https:\/\/www.linkedin.com\/in\/twallner\/\" target=\"_blank\" class=\"sh-team-icon\">\r\n\t\t\t<div class=\"sh-team-icon-container\">\r\n\t\t\t\t<i class=\"icon-social-linkedin\"><\/i>\r\n\t\t\t<\/div>\r\n\t\t<\/a><\/div><\/div>\t\t\t\t<\/div>\r\n\t\t\t\t\t<\/div>\r\n\r\n\t\t<div class=\"sh-team-aside\">\r\n\t\t\t<div class=\"sh-team-name\">\r\n\t\t\t\t<h3>Thomas Wallner-Drewitz<\/h3>\r\n\t\t\t<\/div>\r\n\t\t\t<div class=\"sh-team-role\">\r\n\t\t\t\tTREASURER\t\t\t<\/div>\r\n\r\n\t\t\t\t\t\t\t<div class=\"sh-team-description\">\r\n\t\t\t\t\t<\/p>\n<p style=\"text-align: center\">seit Dezember 2013<\/p>\n<p style=\"text-align: center\">Fachhochschule Ober\u00f6sterreich, Fakult\u00e4t f\u00fcr Management, Steyr, \u00d6sterreich<\/p>\n<p style=\"text-align: center\">in <a href=\"https:\/\/www.researchgate.net\/profile\/Thomas-Wallner-3\" target=\"_blank\" rel=\"noopener\">Researchgate<\/a><\/p>\n<div id=\"team-fQ8E5viZXy\" class=\"sh-team sh-team-style1 sh-team-social-overlay2\">\n<div class=\"sh-team-aside\">\n<div class=\"sh-team-description\">\n<p style=\"text-align: center\">Mail: thomas.wallner-drewitz[at]bcsss.org<\/p>\n<\/div>\n<\/div>\n<\/div>\n<p>\t\t\t\t<\/div>\r\n\t\t\t\r\n\t\t\t\t\t<\/div>\r\n\r\n\t<\/div>\r\n            <style type=\"text\/css\">\r\n                #team-poEyP9akUl .sh-team-role {color: #8c8063!important;}#team-poEyP9akUl.sh-team-social-overlay .sh-team-icons {background-color: #8c8063;}            <\/style>\r\n        \r\n            \r\n            <div class=\"sh-empty-space vc_empty_space sh-empty-space-FK8jiXy3UN  \" style=\"height: 30px\">\r\n                <span class=\"vc_empty_space_inner\"><\/span>\r\n            <\/div>\r\n\r\n        [\/vc_column_inner][vc_column_inner width=&#8220;1\/4&#8243;]\r\n<div class=\"sh-team sh-team-style1 sh-team-social-overlay2\" id=\"team-QMS3XbaGPd\">\r\n\t\r\n\t\t<div class=\"sh-team-image\">\r\n\t\t\t<a href=\"https:\/\/www.bcsss.org\/wp-content\/uploads\/Karin_Huber-Heim.jpg\" class=\"sh-team-image-position\" rel=\"lightbox\">\r\n\t\t\t\t\t\t\t\t\t<img src=\"https:\/\/www.bcsss.org\/wp-content\/uploads\/Karin_Huber-Heim-660x660.jpg\" alt=\"\" \/>\r\n\t\t\t\t\t\t\t<\/a>\r\n\r\n\t\t\t\t\t\t\t<div class=\"sh-team-overlay2\">\r\n\t\t\t\t\t<div class=\"sh-team-icons sh-team-icons-overlay2\"><div class=\"sh-team-icons-container\"><a href=\"https:\/\/about.me\/karin.huber\" target=\"_blank\" class=\"sh-team-icon\">\r\n\t\t\t<div class=\"sh-team-icon-container\">\r\n\t\t\t\t<i class=\"icon-social-gplus\"><\/i>\r\n\t\t\t<\/div>\r\n\t\t<\/a><a href=\"https:\/\/www.linkedin.com\/in\/karin-huber-heim-57564341\/\" target=\"_blank\" class=\"sh-team-icon\">\r\n\t\t\t<div class=\"sh-team-icon-container\">\r\n\t\t\t\t<i class=\"icon-social-linkedin\"><\/i>\r\n\t\t\t<\/div>\r\n\t\t<\/a><\/div><\/div>\t\t\t\t<\/div>\r\n\t\t\t\t\t<\/div>\r\n\r\n\t\t<div class=\"sh-team-aside\">\r\n\t\t\t<div class=\"sh-team-name\">\r\n\t\t\t\t<h3>Karin Huber-Heim<\/h3>\r\n\t\t\t<\/div>\r\n\t\t\t<div class=\"sh-team-role\">\r\n\t\t\t\tVICE TREASURER\t\t\t<\/div>\r\n\r\n\t\t\t\t\t\t\t<div class=\"sh-team-description\">\r\n\t\t\t\t\t<\/p>\n<p style=\"text-align: center\">seit September 2020 (kooptiert)<\/p>\n<p style=\"text-align: center\">WissenschaftlicheLeiterin des Masterprogramms f\u00fcr \u201eSustainability &amp; Responsible Management\u201c und Initiatorin des Kurz-Lehrganges \u201eSustainable Finance\u201c an der FH des BFI, Wien, \u00d6sterreich<\/p>\n<p style=\"text-align: center\">in <a href=\"https:\/\/www.researchgate.net\/profile\/Karin-Huber-Heim\" target=\"_blank\" rel=\"noopener\">Researchgate<\/a><\/p>\n<p style=\"text-align: center\">Mail: karin.huber-heim[at]bcsss.org<\/p>\n<p>\t\t\t\t<\/div>\r\n\t\t\t\r\n\t\t\t\t\t<\/div>\r\n\r\n\t<\/div>\r\n            <style type=\"text\/css\">\r\n                #team-QMS3XbaGPd .sh-team-role {color: #8c8063!important;}#team-QMS3XbaGPd.sh-team-social-overlay .sh-team-icons {background-color: #8c8063;}            <\/style>\r\n        \r\n            \r\n            <div class=\"sh-empty-space vc_empty_space sh-empty-space-lubkUfPC7t  \" style=\"height: 30px\">\r\n                <span class=\"vc_empty_space_inner\"><\/span>\r\n            <\/div>\r\n\r\n        [\/vc_column_inner][\/vc_row_inner][vc_row_inner overflow=&#8220;default&#8220;][vc_column_inner width=&#8220;1\/4&#8243;]\r\n<div class=\"sh-team sh-team-style1 sh-team-social-overlay2\" id=\"team-DiK97uHS2c\">\r\n\t\r\n\t\t<div class=\"sh-team-image\">\r\n\t\t\t<a href=\"https:\/\/www.bcsss.org\/wp-content\/uploads\/Thomas-Fundneider-scaled-e1626175823846-924x1024.jpg\" class=\"sh-team-image-position\" rel=\"lightbox\">\r\n\t\t\t\t\t\t\t\t\t<img src=\"https:\/\/www.bcsss.org\/wp-content\/uploads\/Thomas-Fundneider-scaled-e1626175823846-660x660.jpg\" alt=\"\" \/>\r\n\t\t\t\t\t\t\t<\/a>\r\n\r\n\t\t\t\t\t\t\t<div class=\"sh-team-overlay2\">\r\n\t\t\t\t\t<div class=\"sh-team-icons sh-team-icons-overlay2\"><div class=\"sh-team-icons-container\"><a href=\"https:\/\/www.thelivingcore.com\/en\/homepage-eng-thelivingcore-we-enable-desired-futures\/\" target=\"_blank\" class=\"sh-team-icon\">\r\n\t\t\t<div class=\"sh-team-icon-container\">\r\n\t\t\t\t<i class=\"icon-social-gplus\"><\/i>\r\n\t\t\t<\/div>\r\n\t\t<\/a><a href=\"https:\/\/www.linkedin.com\/in\/thomasfundneider\/\" target=\"_blank\" class=\"sh-team-icon\">\r\n\t\t\t<div class=\"sh-team-icon-container\">\r\n\t\t\t\t<i class=\"icon-social-linkedin\"><\/i>\r\n\t\t\t<\/div>\r\n\t\t<\/a><\/div><\/div>\t\t\t\t<\/div>\r\n\t\t\t\t\t<\/div>\r\n\r\n\t\t<div class=\"sh-team-aside\">\r\n\t\t\t<div class=\"sh-team-name\">\r\n\t\t\t\t<h3>Thomas Fundneider<\/h3>\r\n\t\t\t<\/div>\r\n\t\t\t<div class=\"sh-team-role\">\r\n\t\t\t\tSECREATRY\t\t\t<\/div>\r\n\r\n\t\t\t\t\t\t\t<div class=\"sh-team-description\">\r\n\t\t\t\t\t<\/p>\n<p style=\"text-align: center\">seit Juni 2015<\/p>\n<p style=\"text-align: center\"> theLivingCore, Wien, \u00d6sterreich<\/p>\n<p style=\"text-align: center\">in <a href=\"https:\/\/www.researchgate.net\/profile\/Thomas-Fundneider-2\" target=\"_blank\" rel=\"noopener\">Researchgate<\/a><\/p>\n<div id=\"team-47oEKqTyNO\" class=\"sh-team sh-team-style1 sh-team-social-overlay2\">\n<div class=\"sh-team-aside\">\n<div class=\"sh-team-description\">\n<p style=\"text-align: center\">Mail: thomas.fundneider[at]bcsss.org<\/p>\n<\/div>\n<\/div>\n<\/div>\n<p>\t\t\t\t<\/div>\r\n\t\t\t\r\n\t\t\t\t\t<\/div>\r\n\r\n\t<\/div>\r\n            <style type=\"text\/css\">\r\n                #team-DiK97uHS2c .sh-team-role {color: #8c8063!important;}#team-DiK97uHS2c.sh-team-social-overlay .sh-team-icons {background-color: #8c8063;}            <\/style>\r\n        \r\n            \r\n            <div class=\"sh-empty-space vc_empty_space sh-empty-space-7xaCM0ELD8  \" style=\"height: 30px\">\r\n                <span class=\"vc_empty_space_inner\"><\/span>\r\n            <\/div>\r\n\r\n        [\/vc_column_inner][vc_column_inner width=&#8220;1\/4&#8243;]\r\n<div class=\"sh-team sh-team-style1 sh-team-social-overlay2\" id=\"team-8rWp7UAsMt\">\r\n\t\r\n\t\t<div class=\"sh-team-image\">\r\n\t\t\t<a href=\"https:\/\/www.bcsss.org\/wp-content\/uploads\/Jeanette-Mueller-1.jpg\" class=\"sh-team-image-position\" rel=\"lightbox\">\r\n\t\t\t\t\t\t\t\t\t<img src=\"https:\/\/www.bcsss.org\/wp-content\/uploads\/Jeanette-Mueller-1.jpg\" alt=\"\" \/>\r\n\t\t\t\t\t\t\t<\/a>\r\n\r\n\t\t\t\t\t\t\t<div class=\"sh-team-overlay2\">\r\n\t\t\t\t\t<div class=\"sh-team-icons sh-team-icons-overlay2\"><div class=\"sh-team-icons-container\"><a href=\"https:\/\/www.linkedin.com\/in\/jeanette-hedwig-m%C3%BCller-dr-phil-47336432\/\" target=\"_blank\" class=\"sh-team-icon\">\r\n\t\t\t<div class=\"sh-team-icon-container\">\r\n\t\t\t\t<i class=\"icon-social-linkedin\"><\/i>\r\n\t\t\t<\/div>\r\n\t\t<\/a><\/div><\/div>\t\t\t\t<\/div>\r\n\t\t\t\t\t<\/div>\r\n\r\n\t\t<div class=\"sh-team-aside\">\r\n\t\t\t<div class=\"sh-team-name\">\r\n\t\t\t\t<h3>Jeanette M\u00fcller<\/h3>\r\n\t\t\t<\/div>\r\n\t\t\t<div class=\"sh-team-role\">\r\n\t\t\t\tVICE SECRETARY\t\t\t<\/div>\r\n\r\n\t\t\t\t\t\t\t<div class=\"sh-team-description\">\r\n\t\t\t\t\t<\/p>\n<p style=\"text-align: center\">seit April 2018<\/p>\n<p style=\"text-align: center\">Konzeptk\u00fcnstlerin und Politikwissenschafterin, Wien, \u00d6sterreich<\/p>\n<p style=\"text-align: center\">in <a href=\"https:\/\/orcid.org\/0000-0003-2308-430X\" target=\"_blank\" rel=\"noopener\">ORCID<\/a><br \/>in <a href=\"https:\/\/www.researchgate.net\/profile\/Mueller-Jeanette\" target=\"_blank\" rel=\"noopener\">Researchgate<\/a><\/p>\n<p style=\"text-align: center\">Mail: jeanette.mueller[at]bcsss.org<\/p>\n<p>\t\t\t\t<\/div>\r\n\t\t\t\r\n\t\t\t\t\t<\/div>\r\n\r\n\t<\/div>\r\n            <style type=\"text\/css\">\r\n                #team-8rWp7UAsMt .sh-team-role {color: #8c8063!important;}#team-8rWp7UAsMt.sh-team-social-overlay .sh-team-icons {background-color: #8c8063;}            <\/style>\r\n        \r\n            \r\n            <div class=\"sh-empty-space vc_empty_space sh-empty-space-nkzF54UMKq  \" style=\"height: 30px\">\r\n                <span class=\"vc_empty_space_inner\"><\/span>\r\n            <\/div>\r\n\r\n        [\/vc_column_inner][vc_column_inner width=&#8220;1\/4&#8243;]\r\n<div class=\"sh-team sh-team-style1 sh-team-social-overlay2\" id=\"team-DqjLBWYUpN\">\r\n\t\r\n\t\t<div class=\"sh-team-image\">\r\n\t\t\t<a href=\"https:\/\/www.bcsss.org\/wp-content\/uploads\/Ray-Ison.jpg\" class=\"sh-team-image-position\" rel=\"lightbox\">\r\n\t\t\t\t\t\t\t\t\t<img src=\"https:\/\/www.bcsss.org\/wp-content\/uploads\/Ray-Ison.jpg\" alt=\"\" \/>\r\n\t\t\t\t\t\t\t<\/a>\r\n\r\n\t\t\t\t\t\t\t<div class=\"sh-team-overlay2\">\r\n\t\t\t\t\t<div class=\"sh-team-icons sh-team-icons-overlay2\"><div class=\"sh-team-icons-container\"><a href=\"https:\/\/www.open.ac.uk\/people\/rli2\" target=\"_blank\" class=\"sh-team-icon\">\r\n\t\t\t<div class=\"sh-team-icon-container\">\r\n\t\t\t\t<i class=\"icon-social-gplus\"><\/i>\r\n\t\t\t<\/div>\r\n\t\t<\/a><a href=\"https:\/\/www.linkedin.com\/in\/ray-ison-0621117\/\" target=\"_blank\" class=\"sh-team-icon\">\r\n\t\t\t<div class=\"sh-team-icon-container\">\r\n\t\t\t\t<i class=\"icon-social-linkedin\"><\/i>\r\n\t\t\t<\/div>\r\n\t\t<\/a><\/div><\/div>\t\t\t\t<\/div>\r\n\t\t\t\t\t<\/div>\r\n\r\n\t\t<div class=\"sh-team-aside\">\r\n\t\t\t<div class=\"sh-team-name\">\r\n\t\t\t\t<h3>Ray Ison<\/h3>\r\n\t\t\t<\/div>\r\n\t\t\t<div class=\"sh-team-role\">\r\n\t\t\t\tMEMBER\t\t\t<\/div>\r\n\r\n\t\t\t\t\t\t\t<div class=\"sh-team-description\">\r\n\t\t\t\t\t<\/p>\n<p style=\"text-align: center\">seit April 2018<\/p>\n<p style=\"text-align: center\">Open University, UK<\/p>\n<p style=\"text-align: center\">in <a href=\"https:\/\/en.wikipedia.org\/wiki\/Ray_Ison\" target=\"_blank\" rel=\"noopener\">Wikipedia<\/a><br \/>in <a href=\"https:\/\/orcid.org\/0000-0001-9191-119X\" target=\"_blank\" rel=\"noopener\">ORCID<\/a><br \/>in <a href=\"https:\/\/www.researchgate.net\/profile\/Ray-Ison\" target=\"_blank\" rel=\"noopener\">Researchgate<\/a><br \/>in<a href=\"https:\/\/monash.academia.edu\/httpwwwopenacukpeoplerli2tab1\" target=\"_blank\" rel=\"noopener\">Academia<\/a> und<a href=\"https:\/\/open.academia.edu\/RayIson\" target=\"_blank\" rel=\"noopener\">Academia<\/a><\/p>\n<p style=\"text-align: center\">Mail: ray.ison[at]bcsss.org<\/p>\n<p>\t\t\t\t<\/div>\r\n\t\t\t\r\n\t\t\t\t\t<\/div>\r\n\r\n\t<\/div>\r\n            <style type=\"text\/css\">\r\n                #team-DqjLBWYUpN .sh-team-role {color: #8c8063!important;}#team-DqjLBWYUpN.sh-team-social-overlay .sh-team-icons {background-color: #8c8063;}            <\/style>\r\n        \r\n            \r\n            <div class=\"sh-empty-space vc_empty_space sh-empty-space-PkwHUL3Zog  \" style=\"height: 30px\">\r\n                <span class=\"vc_empty_space_inner\"><\/span>\r\n            <\/div>\r\n\r\n        [\/vc_column_inner][\/vc_row_inner][\/vc_column][\/vc_row]<\/p>\n","protected":false},"excerpt":{"rendered":"<p>[vc_row overflow=&#8220;default&#8220; css=&#8220;.vc_custom_1626087032810{padding-top: 42px !important;padding-bottom: 42px !important;}&#8220; el_id=&#8220;board&#8220;][vc_column][vc_row_inner overflow=&#8220;default&#8220;][vc_column_inner width=&#8220;1\/4&#8243;] Alexander Laszlo PRESIDENT seit April 2018 The Laszlo Institute of New Paradigm Research (L-INPR), Buenos Aires, Argentinien in Wikipediain ORCIDin Researchgatein Academia Mail: alexander.laszlo[at]bcsss.org [\/vc_column_inner][vc_column_inner width=&#8220;1\/4&#8243;] Felix Tretter VICE PRESIDENT seit April 2018 Deutsche Gesellschaft f\u00fcr Human\u00f6kologieBayerische Akademie f\u00fcr Sucht-&#8230;<\/p>\n","protected":false},"author":7,"featured_media":0,"parent":0,"menu_order":0,"comment_status":"closed","ping_status":"closed","template":"","meta":[],"amp_enabled":true,"_links":{"self":[{"href":"https:\/\/www.bcsss.org\/de\/wp-json\/wp\/v2\/pages\/11609"}],"collection":[{"href":"https:\/\/www.bcsss.org\/de\/wp-json\/wp\/v2\/pages"}],"about":[{"href":"https:\/\/www.bcsss.org\/de\/wp-json\/wp\/v2\/types\/page"}],"author":[{"embeddable":true,"href":"https:\/\/www.bcsss.org\/de\/wp-json\/wp\/v2\/users\/7"}],"replies":[{"embeddable":true,"href":"https:\/\/www.bcsss.org\/de\/wp-json\/wp\/v2\/comments?post=11609"}],"version-history":[{"count":24,"href":"https:\/\/www.bcsss.org\/de\/wp-json\/wp\/v2\/pages\/11609\/revisions"}],"predecessor-version":[{"id":11694,"href":"https:\/\/www.bcsss.org\/de\/wp-json\/wp\/v2\/pages\/11609\/revisions\/11694"}],"wp:attachment":[{"href":"https:\/\/www.bcsss.org\/de\/wp-json\/wp\/v2\/media?parent=11609"}],"curies":[{"name":"wp","href":"https:\/\/api.w.org\/{rel}","templated":true}]}}