{"id":11787,"date":"2022-09-13T14:55:32","date_gmt":"2022-09-13T12:55:32","guid":{"rendered":"https:\/\/www.bcsss.org\/bertalanffy-archiv-fuer-systemwissenschaften-kybernetik\/"},"modified":"2022-09-13T17:32:02","modified_gmt":"2022-09-13T15:32:02","slug":"bertalanffy-archiv-fuer-systemwissenschaften-kybernetik","status":"publish","type":"page","link":"https:\/\/www.bcsss.org\/de\/bertalanffy-archiv-fuer-systemwissenschaften-kybernetik\/","title":{"rendered":"Bertalanffy-Archiv f\u00fcr Systemwissenschaften &amp; Kybernetik"},"content":{"rendered":"<section class=\"sh-section sh-section-6d44fd8e0a5af05f0d43dc54c128fd2e fw-main-row sh-section-visibility-everywhere\">\n<div class=\"sh-section-container container\">\n<div class=\"fw-row\">\n<div class=\"sh-column sh-column-66e0ed09bfb211c88ff319e342bfc0e2 fw-col-xs-12\">\n<div class=\"sh-column-wrapper\">\n<div id=\"text-block-005dae1a5406ce2fea732b71ac6d75a7\" class=\"sh-text-block\">\n<p>Das Bertalanffy Center for the Study of Systems Science (BCSSS) erwarb die ersten wertvollen Materialien im Jahr 2004 und begann mit dem Aufbau des Bertalanffy-Archivs f\u00fcr Systemforschung und Kybernetik. Es wurde durch Schenkungen aus anderen Archiven, von einzelnen Forscher:innen und von Mitgliedern der Familie Bertalanffy weiter vervollst\u00e4ndigt.<\/p>\n<p>Bis heute umfasst das Archiv den Nachlass Ludwig von Bertalanffys, aufgeteilt in vier Teilnachl\u00e4sse, in die die wichtigen Krypto-Teilnachl\u00e4sse seiner Frau und Mitarbeiterin Maria von Bertalanffy und seines Sohnes und Mitarbeiters Felix D. Bertalanffy integriert sind. Neben Teilen der Nachlassbibliothek von Ludwig von Bertalanffy verf\u00fcgt das Bertalanffy-Archiv \u00fcber eine in best\u00e4ndigem Aufbau befindliche Fachbibliothek f\u00fcr Systemwissenschaften und Kybernetik, deren Grundstock Sammlungen verschiedener Systemwissenschaftler bilden, die dem BCSSS \u00fcber die Jahre geschenkt wurden. Zus\u00e4tzlich umfasst das Archiv Sammlungen digitaler Dokumente.<\/p>\n<p>Wir erhalten laufend internationale Anfragen von jungen Forscherinnen und Forschern und neuerdings auch von Fachleuten, die entweder die wertvollen Originalquellen f\u00fcr ihre eigene Forschung wieder aufarbeiten wollen oder ein spezifisches Interesse an der Entwicklung der Wissenschaftsphilosophie und Wissenschaftsgeschichte in verschiedenen Disziplinen haben.<\/p>\n<\/div><\/div>\n<\/div>\n<\/div>\n<div class=\"fw-row\">\n<div class=\"sh-column sh-column-66e0ed09bfb211c88ff319e342bfc0e2 fw-col-xs-12\">\n<div class=\"sh-column-wrapper\">\n<div id=\"text-block-94e9c634ea108e01145af115249a0148\" class=\"sh-text-block\">\n<p>Organisation des Bertalanffy-Archivs: Mag. Dr. J\u00fcrgen Lenk<\/p>\n<\/div><\/div>\n<\/div>\n<\/div>\n<div class=\"fw-row\">\n<div class=\"sh-column sh-column-66e0ed09bfb211c88ff319e342bfc0e2 fw-col-xs-12\">\n<div class=\"sh-column-wrapper\">\n<div id=\"text-block-57b21e474bc8dfe12805ec307778dec2\" class=\"sh-text-block\">\n<h2>Archivbest\u00e4nde<\/h2>\n<\/div><\/div>\n<\/div>\n<\/div><\/div>\n<\/section>\n<section class=\"sh-section sh-section-bb9b40ef1810b9b1f354039fb1ed2cf7 fw-main-row sh-section-visibility-everywhere\">\n<div class=\"sh-section-container container\">\n<div class=\"fw-row\">\n<div class=\"sh-column sh-column-66e0ed09bfb211c88ff319e342bfc0e2 fw-col-xs-12\">\n<div class=\"sh-column-wrapper\">\n<div class=\"sh-accordion sh-accordion-style1 panel-group\" id=\"accordion-8ea2cf8348ecb6ed56fbc5dec26f05ef\" role=\"tablist\">\n<div class=\"sh-accordion-item panel panel-default\">\n<div class=\"panel-heading\" role=\"tab\" id=\"heading-8ea2cf8348ecb6ed56fbc5dec26f05ef-2\">\n<h4 class=\"panel-title\">\n\t\t\t\t\t<a role=\"button\" data-toggle=\"collapse\" data-parent=\"#accordion-8ea2cf8348ecb6ed56fbc5dec26f05ef\" href=\"#collapse-8ea2cf8348ecb6ed56fbc5dec26f05ef-2\" class=\"collapsed\"><\/p>\n<div class=\"sh-table\">\n<div class=\"sh-table-cell sh-accordion-icon-cell\">\n\t\t\t\t\t\t\t\t\t<span class=\"sh-accordion-icon\"><\/p>\n<p>\t\t\t\t\t\t\t\t\t\t\t\t\t\t\t\t\t\t\t\t\t<i class=\"open-icon fa fa-chevron-down\"><\/i><br \/>\n\t\t\t\t\t\t\t\t\t\t\t<i class=\"close-icon fa fa-chevron-up\"><\/i><\/p>\n<p>\t\t\t\t\t\t\t\t\t<\/span>\n\t\t\t\t\t\t\t\t<\/div>\n<div class=\"sh-table-cell sh-accordion-content-cell\">\n\t\t\t\t\t\t\t\t\t<span class=\"sh-accordion-title\">Nachlass von Ludwig von Bertalanffy (1901\u20131972)<\/span>\n\t\t\t\t\t\t\t\t<\/div><\/div>\n<p>\t\t\t\t\t<\/a><br \/>\n\t\t\t\t<\/h4>\n<\/p><\/div>\n<div id=\"collapse-8ea2cf8348ecb6ed56fbc5dec26f05ef-2\" class=\"panel-collapse collapse\" role=\"tabpanel\" aria-labelledby=\"heading-8ea2cf8348ecb6ed56fbc5dec26f05ef-2\">\n<div class=\"panel-body\">\n<div class=\"sh-table\">\n<div class=\"sh-table-cell-top sh-accordion-icon-cell\">\n\t\t\t\t\t\t\t\t<span class=\"sh-accordion-icon\"><\/p>\n<p>\t\t\t\t\t\t\t\t\t\t\t\t\t\t\t\t\t\t\t<i class=\"open-icon fa fa-chevron-down\"><\/i><br \/>\n\t\t\t\t\t\t\t\t\t\t<i class=\"close-icon fa fa-chevron-up\"><\/i><\/p>\n<p>\t\t\t\t\t\t\t\t<\/span>\n\t\t\t\t\t\t\t<\/div>\n<div class=\"sh-table-cell-top sh-accordion-content-cell\">\n<div class=\"fw-page-builder-content\">\n<p>Ludwig von Bertalanffy wurde 1901 in \u00d6sterreich, in Atzgersdorf (seit 1954 ein Stadtteil von Wien) geboren, studierte in Innsbruck und in Wien und promovierte 1926 an der Universit\u00e4t Wien bei Moriz Schlick zum Dr. phil. Nach Jahren als Privatdozent lehrte er zwischen 1940 und 1948 als Professor an der Universit\u00e4t Wien. Nach 1948 erhielt er einen Ruf an die Universit\u00e4t Ottawa (Kanada) als Professor und Direktor des Biologischen Instituts. Sp\u00e4ter arbeitete er als Gastprofessor an der Universit\u00e4t von S\u00fcd-Kalifornien in Los Angeles, war Director of Biological Research am Mount Sinai Hospital and Clinic in Los Angeles, Sloan Professor an der Menninger Foundation in Topeka (Kansas) und ab 1964 Professor f\u00fcr theoretische Biologie an der Universit\u00e4t von Alberta in Kanada, wo er auch Mitglied des Center for Advanced Study f\u00fcr theoretische Psychologie war. 1969 erhielt er einen Ruf an die State University of New York in Buffalo, wo er bis zu seinem Tod 1972 unterrichtete.<\/p>\n<p>Bertalanffy war \u201eSenior Fellow\u201c (1954\u20131955) am Center of Advanced Studies in the Behavioral Sciences (Ford Foundation, Stanford University) in Palo Alto, Kalifornien, und gr\u00fcndete 1954 gemeinsam mit Anatol Rapoport, Kenneth Boulding und Ralph Gerard die Society for General Systems Research (SGSR), aus der sich die heute global agierende International Society for the Systems Sciences (ISSS) entwickelt hat.<\/p>\n<p>2004 tauchte sein wissenschaftlicher Teilnachlass (= <strong>Teilnachlass Ludwig von Bertalanffy 1<\/strong>) in einem Antiquariat in Buffalo auf, wurde vom Bertalanffy Center for the Study of Systems Science (BCSSS) gleichsam als Gr\u00fcndungsakt angekauft und kam 2005 ins damit er\u00f6ffnete Bertalanffy-Archiv. Ein weiterer und sehr umfangreicher Teilnachlass (= <strong>Teilnachlass Ludwig von Bertalanffy 2<\/strong>) wurde dem BCSSS von Gis\u00e8le Bertalanffy (1930\u20132021), der Schwiegertochter von Bertalanffy, 2011 geschenkt. Im selben Jahr konnte das Bertalanffy-Archiv durch die Schenkung von Marshall W. Allen noch um einen weiteren Teilnachlass (= <strong>Teilnachlass Ludwig von Bertalanffy 3<\/strong>), der wissenschaftshistorisch sehr bedeutsamen Sammlung von Briefen von Bertalanffy an Joseph Henry Woodger (Sammlung Joseph Henry Woodger) erg\u00e4nzt werden.<\/p>\n<p>Als testamentarische Verf\u00fcgung von Gis\u00e8le Bertalanffy (1930\u20132021) gelangte schlie\u00dflich als ihre letzte Schenkung 2021 ein weiterer Teilnachlass (= <strong>Teilnachlass Ludwig von Bertalanffy 4<\/strong>) \u00fcber die Vermittlung und in Kooperation mit ihrem vor Ort Bevollm\u00e4chtigten William Robert \u201eBill\u201c Badger 2021 von Kanada ans BCSSS in Wien.<\/p>\n<p>Die wissenschaftlich-systematische Erschlie\u00dfung des Nachlasses ist weit fortgeschritten, aber noch nicht vollst\u00e4ndig abgeschlossen. Die hier vorab schon online angebotenen Dokumente zum Nachlass respektive den 4 Teilnachl\u00e4ssen dienen einem ersten \u00dcberblick und werden laufend \u00fcberarbeitet und erg\u00e4nzt.<\/p>\n<p>F\u00fcr wissenschaftliche Zwecke ist das Bertalanffy-Archiv nach vorheriger Terminvereinbarung zug\u00e4nglich.<\/p>\n<p>Betreuung, Archivierung und wissenschaftliche Erschlie\u00dfung des Nachlasses von Ludwig von Bertalanffy: Mag. Dr. J\u00fcrgen Lenk<\/p>\n<ul>\n<li><strong>Teilnachlass Ludwig von Bertalanffy 1<\/strong><\/li>\n<li><strong>Teilnachlass Ludwig von Bertalanffy 2<\/strong><\/li>\n<li><strong>Teilnachlass Ludwig von Bertalanffy 3<\/strong><\/li>\n<li><strong>Teilnachlass Ludwig von Bertalanffy 4<\/strong><\/li>\n<li><strong>Nachlassbibliothek Ludwig von Bertalanffy<\/strong><\/li>\n<li><strong>Nachlass-Anreicherungen durch Ankauf und oder Kopien von Werken und Dokumenten von und zu Ludwig von Bertalanffy<\/strong><\/li>\n<\/ul>\n<\/div><\/div><\/div><\/div><\/div><\/div>\n<div class=\"sh-accordion-item panel panel-default\">\n<div class=\"panel-heading\" role=\"tab\" id=\"heading-8ea2cf8348ecb6ed56fbc5dec26f05ef-3\">\n<h4 class=\"panel-title\">\n\t\t\t\t\t<a role=\"button\" data-toggle=\"collapse\" data-parent=\"#accordion-8ea2cf8348ecb6ed56fbc5dec26f05ef\" href=\"#collapse-8ea2cf8348ecb6ed56fbc5dec26f05ef-3\" class=\"collapsed\"><\/p>\n<div class=\"sh-table\">\n<div class=\"sh-table-cell sh-accordion-icon-cell\">\n\t\t\t\t\t\t\t\t\t<span class=\"sh-accordion-icon\"><\/p>\n<p>\t\t\t\t\t\t\t\t\t\t\t\t\t\t\t\t\t\t\t\t\t<i class=\"open-icon fa fa-chevron-down\"><\/i><br \/>\n\t\t\t\t\t\t\t\t\t\t\t<i class=\"close-icon fa fa-chevron-up\"><\/i><\/p>\n<p>\t\t\t\t\t\t\t\t\t<\/span>\n\t\t\t\t\t\t\t\t<\/div>\n<div class=\"sh-table-cell sh-accordion-content-cell\">\n\t\t\t\t\t\t\t\t\t<span class=\"sh-accordion-title\">Werke von und zu Ludwig von Bertalanffy (Digitale Dokumente)<\/span>\n\t\t\t\t\t\t\t\t<\/div><\/div>\n<p>\t\t\t\t\t<\/a><br \/>\n\t\t\t\t<\/h4>\n<\/p><\/div>\n<div id=\"collapse-8ea2cf8348ecb6ed56fbc5dec26f05ef-3\" class=\"panel-collapse collapse\" role=\"tabpanel\" aria-labelledby=\"heading-8ea2cf8348ecb6ed56fbc5dec26f05ef-3\">\n<div class=\"panel-body\">\n<div class=\"sh-table\">\n<div class=\"sh-table-cell-top sh-accordion-icon-cell\">\n\t\t\t\t\t\t\t\t<span class=\"sh-accordion-icon\"><\/p>\n<p>\t\t\t\t\t\t\t\t\t\t\t\t\t\t\t\t\t\t\t<i class=\"open-icon fa fa-chevron-down\"><\/i><br \/>\n\t\t\t\t\t\t\t\t\t\t<i class=\"close-icon fa fa-chevron-up\"><\/i><\/p>\n<p>\t\t\t\t\t\t\t\t<\/span>\n\t\t\t\t\t\t\t<\/div>\n<div class=\"sh-table-cell-top sh-accordion-content-cell\">\n<div class=\"fw-page-builder-content\">\n<p>tba<\/p>\n<\/div><\/div><\/div><\/div><\/div><\/div><\/div><\/div>\n<\/div>\n<\/div><\/div>\n<\/section>\n<p><!-- 3092f72ad915e7fec9654da4eec8e632 --><\/p>\n","protected":false},"excerpt":{"rendered":"<p>Das Bertalanffy Center for the Study of Systems Science (BCSSS) erwarb die ersten wertvollen Materialien im Jahr 2004 und begann mit dem Aufbau des Bertalanffy-Archivs f\u00fcr Systemforschung und Kybernetik. Es wurde durch Schenkungen aus anderen Archiven, von einzelnen Forscher:innen und von Mitgliedern der Familie Bertalanffy weiter vervollst\u00e4ndigt. Bis heute umfasst&#8230;<\/p>\n","protected":false},"author":7,"featured_media":0,"parent":0,"menu_order":0,"comment_status":"closed","ping_status":"closed","template":"","meta":[],"amp_enabled":true,"_links":{"self":[{"href":"https:\/\/www.bcsss.org\/de\/wp-json\/wp\/v2\/pages\/11787"}],"collection":[{"href":"https:\/\/www.bcsss.org\/de\/wp-json\/wp\/v2\/pages"}],"about":[{"href":"https:\/\/www.bcsss.org\/de\/wp-json\/wp\/v2\/types\/page"}],"author":[{"embeddable":true,"href":"https:\/\/www.bcsss.org\/de\/wp-json\/wp\/v2\/users\/7"}],"replies":[{"embeddable":true,"href":"https:\/\/www.bcsss.org\/de\/wp-json\/wp\/v2\/comments?post=11787"}],"version-history":[{"count":6,"href":"https:\/\/www.bcsss.org\/de\/wp-json\/wp\/v2\/pages\/11787\/revisions"}],"predecessor-version":[{"id":11815,"href":"https:\/\/www.bcsss.org\/de\/wp-json\/wp\/v2\/pages\/11787\/revisions\/11815"}],"wp:attachment":[{"href":"https:\/\/www.bcsss.org\/de\/wp-json\/wp\/v2\/media?parent=11787"}],"curies":[{"name":"wp","href":"https:\/\/api.w.org\/{rel}","templated":true}]}}