{"id":11822,"date":"2022-09-13T17:51:53","date_gmt":"2022-09-13T15:51:53","guid":{"rendered":"https:\/\/www.bcsss.org\/bertalanffy-archiv-teilnachlass-ludwig-von-bertalanffy-1\/"},"modified":"2022-09-13T17:51:53","modified_gmt":"2022-09-13T15:51:53","slug":"bertalanffy-archiv-teilnachlass-ludwig-von-bertalanffy-1","status":"publish","type":"page","link":"https:\/\/www.bcsss.org\/de\/bertalanffy-archiv-teilnachlass-ludwig-von-bertalanffy-1\/","title":{"rendered":"Bertalanffy-Archiv: Teilnachlass Ludwig von Bertalanffy 1"},"content":{"rendered":"<section class=\"sh-section sh-section-4a6b2703bcee8326105dff4fbbe16a40 fw-main-row sh-section-visibility-everywhere\">\n<div class=\"sh-section-container container\">\n<div class=\"fw-row\">\n<div class=\"sh-column sh-column-43d3d4fbbbe7ffb09ee43e6cc9daa867 fw-col-xs-12\">\n<div class=\"sh-column-wrapper\">\n<div id=\"text-block-b95e985fda6e307c9727a47a0740144d\" class=\"sh-text-block\">\n<p>Ludwig von Bertalanffy war von 1969 bis zu seinem Tod im Jahr 1972 Professor an der State University of New York in Buffalo. 2004 tauchte sein lange vermisster wissenschaftlicher Teilnachlass (= <strong>Teilnachlass Ludwig von Bertalanffy 1<\/strong>) in einem Antiquariat in Buffalo auf, wurde vom Bertalanffy Center for the Study of Systems Science (BCSSS) gleichsam als Gr\u00fcndungsakt angekauft und kam 2005 ins damit er\u00f6ffnete Bertalanffy-Archiv.<\/p>\n<p>Es d\u00fcrfte sich bei diesem \u2013 ausschlie\u00dflich wissenschaftliche Dokumente umfassenden \u2013 Teilnachlass 1 um jene Dokumente (oder Teile von Dokumenten) handeln, die Ludwig von Bertalanffy bis zuletzt unmittelbar f\u00fcr seine wissenschaftliche Arbeit benutzt und, so ist zu vermuten, wohl teilweise in seinem letzten B\u00fcro an der State University of New York in Buffalo hinterlassen hatte.<\/p>\n<p>Dieser Teilnachlass stellt somit inhaltlich eine Erg\u00e4nzung zum ebenso ausschlie\u00dflich wissenschaftlichen Teilnachlass 3 (Gesammelten Briefe von Bertalanffy an J. H. Woodger) dar, wie auch zum \u00fcberaus umfangreichen Teilnachlass 2, welcher neben Bertalanffys wissenschaftlicher Arbeit zudem aber auch sein privates Leben dokumentiert und die beiden Kryptonachl\u00e4sse, einerseits von seiner Frau und Mitarbeiterin Maria von Bertalanffy (1904\u20131981) und andererseits von seinem Sohn und Mitarbeiter Felix D. Bertalanffy (1926\u20131999) enth\u00e4lt.<\/p>\n<\/div><\/div>\n<\/div>\n<\/div><\/div>\n<\/section>\n<section class=\"sh-section sh-section-27b685f0c8c7603f96a6805060bc651a fw-main-row sh-section-visibility-everywhere\">\n<div class=\"sh-section-container container\">\n<div class=\"fw-row\">\n<div class=\"sh-column sh-column-43d3d4fbbbe7ffb09ee43e6cc9daa867 fw-col-xs-12\">\n<div class=\"sh-column-wrapper\">\n<div class=\"sh-accordion sh-accordion-style1 panel-group\" id=\"accordion-72bc46349a244b78b168c54c1b03719e\" role=\"tablist\">\n<div class=\"sh-accordion-item panel panel-default\">\n<div class=\"panel-heading\" role=\"tab\" id=\"heading-72bc46349a244b78b168c54c1b03719e-1\">\n<h4 class=\"panel-title\">\n\t\t\t\t\t<a role=\"button\" data-toggle=\"collapse\" data-parent=\"#accordion-72bc46349a244b78b168c54c1b03719e\" href=\"#collapse-72bc46349a244b78b168c54c1b03719e-1\" class=\"\"><\/p>\n<div class=\"sh-table\">\n<div class=\"sh-table-cell sh-accordion-icon-cell\">\n\t\t\t\t\t\t\t\t\t<span class=\"sh-accordion-icon\"><\/p>\n<p>\t\t\t\t\t\t\t\t\t\t\t\t\t\t\t\t\t\t\t\t\t<i class=\"open-icon fa fa-chevron-down\"><\/i><br \/>\n\t\t\t\t\t\t\t\t\t\t\t<i class=\"close-icon fa fa-chevron-up\"><\/i><\/p>\n<p>\t\t\t\t\t\t\t\t\t<\/span>\n\t\t\t\t\t\t\t\t<\/div>\n<div class=\"sh-table-cell sh-accordion-content-cell\">\n\t\t\t\t\t\t\t\t\t<span class=\"sh-accordion-title\">1. Werke<\/span>\n\t\t\t\t\t\t\t\t<\/div><\/div>\n<p>\t\t\t\t\t<\/a><br \/>\n\t\t\t\t<\/h4>\n<\/p><\/div>\n<div id=\"collapse-72bc46349a244b78b168c54c1b03719e-1\" class=\"panel-collapse collapse in\" role=\"tabpanel\" aria-labelledby=\"heading-72bc46349a244b78b168c54c1b03719e-1\">\n<div class=\"panel-body\">\n<div class=\"sh-table\">\n<div class=\"sh-table-cell-top sh-accordion-icon-cell\">\n\t\t\t\t\t\t\t\t<span class=\"sh-accordion-icon\"><\/p>\n<p>\t\t\t\t\t\t\t\t\t\t\t\t\t\t\t\t\t\t\t<i class=\"open-icon fa fa-chevron-down\"><\/i><br \/>\n\t\t\t\t\t\t\t\t\t\t<i class=\"close-icon fa fa-chevron-up\"><\/i><\/p>\n<p>\t\t\t\t\t\t\t\t<\/span>\n\t\t\t\t\t\t\t<\/div>\n<div class=\"sh-table-cell-top sh-accordion-content-cell\">\n<div class=\"fw-page-builder-content\">\n<p>Inhalt<\/p>\n<\/div><\/div><\/div><\/div><\/div><\/div>\n<div class=\"sh-accordion-item panel panel-default\">\n<div class=\"panel-heading\" role=\"tab\" id=\"heading-72bc46349a244b78b168c54c1b03719e-2\">\n<h4 class=\"panel-title\">\n\t\t\t\t\t<a role=\"button\" data-toggle=\"collapse\" data-parent=\"#accordion-72bc46349a244b78b168c54c1b03719e\" href=\"#collapse-72bc46349a244b78b168c54c1b03719e-2\" class=\"collapsed\"><\/p>\n<div class=\"sh-table\">\n<div class=\"sh-table-cell sh-accordion-icon-cell\">\n\t\t\t\t\t\t\t\t\t<span class=\"sh-accordion-icon\"><\/p>\n<p>\t\t\t\t\t\t\t\t\t\t\t\t\t\t\t\t\t\t\t\t\t<i class=\"open-icon fa fa-chevron-down\"><\/i><br \/>\n\t\t\t\t\t\t\t\t\t\t\t<i class=\"close-icon fa fa-chevron-up\"><\/i><\/p>\n<p>\t\t\t\t\t\t\t\t\t<\/span>\n\t\t\t\t\t\t\t\t<\/div>\n<div class=\"sh-table-cell sh-accordion-content-cell\">\n\t\t\t\t\t\t\t\t\t<span class=\"sh-accordion-title\">2. Korrespondenz<\/span>\n\t\t\t\t\t\t\t\t<\/div><\/div>\n<p>\t\t\t\t\t<\/a><br \/>\n\t\t\t\t<\/h4>\n<\/p><\/div>\n<div id=\"collapse-72bc46349a244b78b168c54c1b03719e-2\" class=\"panel-collapse collapse\" role=\"tabpanel\" aria-labelledby=\"heading-72bc46349a244b78b168c54c1b03719e-2\">\n<div class=\"panel-body\">\n<div class=\"sh-table\">\n<div class=\"sh-table-cell-top sh-accordion-icon-cell\">\n\t\t\t\t\t\t\t\t<span class=\"sh-accordion-icon\"><\/p>\n<p>\t\t\t\t\t\t\t\t\t\t\t\t\t\t\t\t\t\t\t<i class=\"open-icon fa fa-chevron-down\"><\/i><br \/>\n\t\t\t\t\t\t\t\t\t\t<i class=\"close-icon fa fa-chevron-up\"><\/i><\/p>\n<p>\t\t\t\t\t\t\t\t<\/span>\n\t\t\t\t\t\t\t<\/div>\n<div class=\"sh-table-cell-top sh-accordion-content-cell\">\n<div class=\"fw-page-builder-content\">\n<p>Inhalt<\/p>\n<\/div><\/div><\/div><\/div><\/div><\/div>\n<div class=\"sh-accordion-item panel panel-default\">\n<div class=\"panel-heading\" role=\"tab\" id=\"heading-72bc46349a244b78b168c54c1b03719e-3\">\n<h4 class=\"panel-title\">\n\t\t\t\t\t<a role=\"button\" data-toggle=\"collapse\" data-parent=\"#accordion-72bc46349a244b78b168c54c1b03719e\" href=\"#collapse-72bc46349a244b78b168c54c1b03719e-3\" class=\"collapsed\"><\/p>\n<div class=\"sh-table\">\n<div class=\"sh-table-cell sh-accordion-icon-cell\">\n\t\t\t\t\t\t\t\t\t<span class=\"sh-accordion-icon\"><\/p>\n<p>\t\t\t\t\t\t\t\t\t\t\t\t\t\t\t\t\t\t\t\t\t<i class=\"open-icon fa fa-chevron-down\"><\/i><br \/>\n\t\t\t\t\t\t\t\t\t\t\t<i class=\"close-icon fa fa-chevron-up\"><\/i><\/p>\n<p>\t\t\t\t\t\t\t\t\t<\/span>\n\t\t\t\t\t\t\t\t<\/div>\n<div class=\"sh-table-cell sh-accordion-content-cell\">\n\t\t\t\t\t\t\t\t\t<span class=\"sh-accordion-title\">3. Miszellen<\/span>\n\t\t\t\t\t\t\t\t<\/div><\/div>\n<p>\t\t\t\t\t<\/a><br \/>\n\t\t\t\t<\/h4>\n<\/p><\/div>\n<div id=\"collapse-72bc46349a244b78b168c54c1b03719e-3\" class=\"panel-collapse collapse\" role=\"tabpanel\" aria-labelledby=\"heading-72bc46349a244b78b168c54c1b03719e-3\">\n<div class=\"panel-body\">\n<div class=\"sh-table\">\n<div class=\"sh-table-cell-top sh-accordion-icon-cell\">\n\t\t\t\t\t\t\t\t<span class=\"sh-accordion-icon\"><\/p>\n<p>\t\t\t\t\t\t\t\t\t\t\t\t\t\t\t\t\t\t\t<i class=\"open-icon fa fa-chevron-down\"><\/i><br \/>\n\t\t\t\t\t\t\t\t\t\t<i class=\"close-icon fa fa-chevron-up\"><\/i><\/p>\n<p>\t\t\t\t\t\t\t\t<\/span>\n\t\t\t\t\t\t\t<\/div>\n<div class=\"sh-table-cell-top sh-accordion-content-cell\">\n<div class=\"fw-page-builder-content\">\n<p>Inhalt<\/p>\n<\/div><\/div><\/div><\/div><\/div><\/div>\n<div class=\"sh-accordion-item panel panel-default\">\n<div class=\"panel-heading\" role=\"tab\" id=\"heading-72bc46349a244b78b168c54c1b03719e-4\">\n<h4 class=\"panel-title\">\n\t\t\t\t\t<a role=\"button\" data-toggle=\"collapse\" data-parent=\"#accordion-72bc46349a244b78b168c54c1b03719e\" href=\"#collapse-72bc46349a244b78b168c54c1b03719e-4\" class=\"collapsed\"><\/p>\n<div class=\"sh-table\">\n<div class=\"sh-table-cell sh-accordion-icon-cell\">\n\t\t\t\t\t\t\t\t\t<span class=\"sh-accordion-icon\"><\/p>\n<p>\t\t\t\t\t\t\t\t\t\t\t\t\t\t\t\t\t\t\t\t\t<i class=\"open-icon fa fa-chevron-down\"><\/i><br \/>\n\t\t\t\t\t\t\t\t\t\t\t<i class=\"close-icon fa fa-chevron-up\"><\/i><\/p>\n<p>\t\t\t\t\t\t\t\t\t<\/span>\n\t\t\t\t\t\t\t\t<\/div>\n<div class=\"sh-table-cell sh-accordion-content-cell\">\n\t\t\t\t\t\t\t\t\t<span class=\"sh-accordion-title\">4. Teile der Nachlassbibliothek (TNL-LvB-1)<\/span>\n\t\t\t\t\t\t\t\t<\/div><\/div>\n<p>\t\t\t\t\t<\/a><br \/>\n\t\t\t\t<\/h4>\n<\/p><\/div>\n<div id=\"collapse-72bc46349a244b78b168c54c1b03719e-4\" class=\"panel-collapse collapse\" role=\"tabpanel\" aria-labelledby=\"heading-72bc46349a244b78b168c54c1b03719e-4\">\n<div class=\"panel-body\">\n<div class=\"sh-table\">\n<div class=\"sh-table-cell-top sh-accordion-icon-cell\">\n\t\t\t\t\t\t\t\t<span class=\"sh-accordion-icon\"><\/p>\n<p>\t\t\t\t\t\t\t\t\t\t\t\t\t\t\t\t\t\t\t<i class=\"open-icon fa fa-chevron-down\"><\/i><br \/>\n\t\t\t\t\t\t\t\t\t\t<i class=\"close-icon fa fa-chevron-up\"><\/i><\/p>\n<p>\t\t\t\t\t\t\t\t<\/span>\n\t\t\t\t\t\t\t<\/div>\n<div class=\"sh-table-cell-top sh-accordion-content-cell\">\n<div class=\"fw-page-builder-content\">\n<p>Inhalt<\/p>\n<\/div><\/div><\/div><\/div><\/div><\/div>\n<div class=\"sh-accordion-item panel panel-default\">\n<div class=\"panel-heading\" role=\"tab\" id=\"heading-72bc46349a244b78b168c54c1b03719e-5\">\n<h4 class=\"panel-title\">\n\t\t\t\t\t<a role=\"button\" data-toggle=\"collapse\" data-parent=\"#accordion-72bc46349a244b78b168c54c1b03719e\" href=\"#collapse-72bc46349a244b78b168c54c1b03719e-5\" class=\"collapsed\"><\/p>\n<div class=\"sh-table\">\n<div class=\"sh-table-cell sh-accordion-icon-cell\">\n\t\t\t\t\t\t\t\t\t<span class=\"sh-accordion-icon\"><\/p>\n<p>\t\t\t\t\t\t\t\t\t\t\t\t\t\t\t\t\t\t\t\t\t<i class=\"open-icon fa fa-chevron-down\"><\/i><br \/>\n\t\t\t\t\t\t\t\t\t\t\t<i class=\"close-icon fa fa-chevron-up\"><\/i><\/p>\n<p>\t\t\t\t\t\t\t\t\t<\/span>\n\t\t\t\t\t\t\t\t<\/div>\n<div class=\"sh-table-cell sh-accordion-content-cell\">\n\t\t\t\t\t\t\t\t\t<span class=\"sh-accordion-title\">Links zur Geschichte des Teilnachlasses Ludwig von Bertalanffy 1<\/span>\n\t\t\t\t\t\t\t\t<\/div><\/div>\n<p>\t\t\t\t\t<\/a><br \/>\n\t\t\t\t<\/h4>\n<\/p><\/div>\n<div id=\"collapse-72bc46349a244b78b168c54c1b03719e-5\" class=\"panel-collapse collapse\" role=\"tabpanel\" aria-labelledby=\"heading-72bc46349a244b78b168c54c1b03719e-5\">\n<div class=\"panel-body\">\n<div class=\"sh-table\">\n<div class=\"sh-table-cell-top sh-accordion-icon-cell\">\n\t\t\t\t\t\t\t\t<span class=\"sh-accordion-icon\"><\/p>\n<p>\t\t\t\t\t\t\t\t\t\t\t\t\t\t\t\t\t\t\t<i class=\"open-icon fa fa-chevron-down\"><\/i><br \/>\n\t\t\t\t\t\t\t\t\t\t<i class=\"close-icon fa fa-chevron-up\"><\/i><\/p>\n<p>\t\t\t\t\t\t\t\t<\/span>\n\t\t\t\t\t\t\t<\/div>\n<div class=\"sh-table-cell-top sh-accordion-content-cell\">\n<div class=\"fw-page-builder-content\">\n<p>Inhalt<\/p>\n<\/div><\/div><\/div><\/div><\/div><\/div><\/div><\/div>\n<\/div>\n<\/div><\/div>\n<\/section>\n<p><!-- 84b6dc09d2e53f7ae12fcabb4819605e --><\/p>\n","protected":false},"excerpt":{"rendered":"<p>Ludwig von Bertalanffy war von 1969 bis zu seinem Tod im Jahr 1972 Professor an der State University of New York in Buffalo. 2004 tauchte sein lange vermisster wissenschaftlicher Teilnachlass (= Teilnachlass Ludwig von Bertalanffy 1) in einem Antiquariat in Buffalo auf, wurde vom Bertalanffy Center for the Study of&#8230;<\/p>\n","protected":false},"author":7,"featured_media":0,"parent":0,"menu_order":0,"comment_status":"closed","ping_status":"closed","template":"","meta":[],"amp_enabled":true,"_links":{"self":[{"href":"https:\/\/www.bcsss.org\/de\/wp-json\/wp\/v2\/pages\/11822"}],"collection":[{"href":"https:\/\/www.bcsss.org\/de\/wp-json\/wp\/v2\/pages"}],"about":[{"href":"https:\/\/www.bcsss.org\/de\/wp-json\/wp\/v2\/types\/page"}],"author":[{"embeddable":true,"href":"https:\/\/www.bcsss.org\/de\/wp-json\/wp\/v2\/users\/7"}],"replies":[{"embeddable":true,"href":"https:\/\/www.bcsss.org\/de\/wp-json\/wp\/v2\/comments?post=11822"}],"version-history":[{"count":0,"href":"https:\/\/www.bcsss.org\/de\/wp-json\/wp\/v2\/pages\/11822\/revisions"}],"wp:attachment":[{"href":"https:\/\/www.bcsss.org\/de\/wp-json\/wp\/v2\/media?parent=11822"}],"curies":[{"name":"wp","href":"https:\/\/api.w.org\/{rel}","templated":true}]}}