{"id":8819,"date":"2011-09-12T14:00:48","date_gmt":"2011-09-12T12:00:48","guid":{"rendered":"http:\/\/dev.bcsss.org\/impressum\/"},"modified":"2023-04-06T15:38:34","modified_gmt":"2023-04-06T13:38:34","slug":"impressum","status":"publish","type":"page","link":"https:\/\/www.bcsss.org\/de\/impressum\/","title":{"rendered":"Impressum"},"content":{"rendered":"<p>Informationspflicht laut \u00a7 5 E-Commerce-Gesetz und Offenlegungspflicht laut \u00a7 25 Mediengesetz, \u00d6sterreich:<\/p>\n<p><strong>Dienstanbieter und Medieninhaber<\/strong>:<\/p>\n<p>Bertalanffy Center for the Study of Systems Science (BCSSS)<br \/>\nVerein zur F\u00f6rderung der Systemwissenschaften<\/p>\n<p><strong>Kontakt<\/strong>:<\/p>\n<p>MANAGING DIRECTOR<br \/>\nMag. Stefan Blachfellner<br \/>\nBertalanffy Center for the Study of Systems Science (BCSSS)<br \/>\ndesignforum Wien, MQ\/quartier 21<br \/>\nMuseumsplatz 1, 1070 Wien, \u00d6sterreich<br \/>\nTel.: +43 676 4930374<br \/>\ne-Mail: stefan.blachfellner [at] bcsss.org<\/p>\n<p><strong>Vorstand und Vereinszweck:<\/strong><\/p>\n<p>PRESIDENT<br \/>\nProf. Dr. PhD Alexander Laszlo, alexander.laszlo [at] bcsss.org<\/p>\n<p><a href=\"https:\/\/www.bcsss.org\/de\/vorstand\/\" target=\"_blank\" rel=\"noopener noreferrer\">WEITERE VORSTANDSMITGLIEDER<\/a><\/p>\n<p>Der Verein, dessen T\u00e4tigkeit nicht auf Gewinn gerichtet ist, bezweckt die <b>F\u00f6rderung der Forschung auf dem Gebiet der Systemwissenschaften<\/b>, insbesondere <b>der Allgemeinen Systemtheorie<\/b>, wie diese von Ludwig von Bertalanffy begr\u00fcndet wurde, und damit die F\u00f6rderung <b>des Systemdenkens<\/b> in der \u00d6ffentlichkeit.<\/p>\n<p>Informationspflicht laut Datenschutzerkl\u00e4rung nach Art. 13 und 14 DSGVO:<\/p>\n<div class=\"infoblatt_text_3i\">\n<div>\n<p>Sie haben uns Daten \u00fcber sich freiwillig zur Verf\u00fcgung gestellt und wir verarbeiten diese Daten auf Grundlage Ihrer Einwilligung zu folgendem Zweck:<\/p>\n<p>S\u00e4mtliche seitens des BCSSS verwendete personenbezogene Daten betreffen ausschlie\u00dflich email Adressen, die \u00fcber den Newsletter Management Service Mailchimp verarbeitet werden.<\/p>\n<\/div>\n<\/div>\n<div class=\"infoblatt_text_3i\">\n<div>\n<p>Sie k\u00f6nnen diese Einwilligung jederzeit widerrufen. Ein Widerruf hat zur Folge, dass wir Ihre Daten ab diesem Zeitpunkt zu oben genannten Zwecken nicht mehr verarbeiten. F\u00fcr einen Widerruf wenden Sie sich bitte an: stefan.blachfellner [at] bcsss.org<\/p>\n<\/div>\n<\/div>\n<div class=\"infoblatt_ueberschrift_3i\">\n<div>Ihre Daten werden nicht an Dritte weitergegeben.<\/div>\n<\/div>\n<div class=\"infoblatt_text_3i\">\n<div>\n<p>Ihnen stehen grunds\u00e4tzlich die Rechte auf Auskunft, Berichtigung, L\u00f6schung, Einschr\u00e4nkung, Daten\u00fcbertragbarkeit und Widerspruch zu. Daf\u00fcr wenden Sie sich an uns.<\/p>\n<p>Wenn Sie glauben, dass die Verarbeitung Ihrer Daten gegen das Datenschutzrecht verst\u00f6\u00dft oder Ihre datenschutzrechtlichen Anspr\u00fcche sonst in einer Weise verletzt worden sind, k\u00f6nnen Sie sich bei der Aufsichtsbeh\u00f6rde beschweren. In \u00d6sterreich ist die <a href=\"http:\/\/dsb.gv.at\" target=\"_blank\" rel=\"noopener noreferrer\">Datenschutzbeh\u00f6rde<\/a> zust\u00e4ndig.<\/p>\n<\/div>\n<\/div>\n","protected":false},"excerpt":{"rendered":"<p>Informationspflicht laut \u00a7 5 E-Commerce-Gesetz und Offenlegungspflicht laut \u00a7 25 Mediengesetz, \u00d6sterreich: Dienstanbieter und Medieninhaber: Bertalanffy Center for the Study of Systems Science (BCSSS) Verein zur F\u00f6rderung der Systemwissenschaften Kontakt: MANAGING DIRECTOR Mag. Stefan Blachfellner Bertalanffy Center for the Study of Systems Science (BCSSS) designforum Wien, MQ\/quartier 21 Museumsplatz 1,&#8230;<\/p>\n","protected":false},"author":7,"featured_media":0,"parent":0,"menu_order":0,"comment_status":"closed","ping_status":"closed","template":"","meta":[],"amp_enabled":true,"_links":{"self":[{"href":"https:\/\/www.bcsss.org\/de\/wp-json\/wp\/v2\/pages\/8819"}],"collection":[{"href":"https:\/\/www.bcsss.org\/de\/wp-json\/wp\/v2\/pages"}],"about":[{"href":"https:\/\/www.bcsss.org\/de\/wp-json\/wp\/v2\/types\/page"}],"author":[{"embeddable":true,"href":"https:\/\/www.bcsss.org\/de\/wp-json\/wp\/v2\/users\/7"}],"replies":[{"embeddable":true,"href":"https:\/\/www.bcsss.org\/de\/wp-json\/wp\/v2\/comments?post=8819"}],"version-history":[{"count":1,"href":"https:\/\/www.bcsss.org\/de\/wp-json\/wp\/v2\/pages\/8819\/revisions"}],"predecessor-version":[{"id":12029,"href":"https:\/\/www.bcsss.org\/de\/wp-json\/wp\/v2\/pages\/8819\/revisions\/12029"}],"wp:attachment":[{"href":"https:\/\/www.bcsss.org\/de\/wp-json\/wp\/v2\/media?parent=8819"}],"curies":[{"name":"wp","href":"https:\/\/api.w.org\/{rel}","templated":true}]}}