{"id":8867,"date":"2013-06-18T09:44:41","date_gmt":"2013-06-18T07:44:41","guid":{"rendered":"http:\/\/dev.bcsss.org\/ludwig-von-bertalanffy-young-scientist-award\/"},"modified":"2021-02-19T17:27:03","modified_gmt":"2021-02-19T16:27:03","slug":"ludwig-von-bertalanffy-young-scientist-award","status":"publish","type":"page","link":"https:\/\/www.bcsss.org\/de\/programme\/ludwig-von-bertalanffy-young-scientist-award\/","title":{"rendered":"Ludwig von Bertalanffy Young Scientist Award"},"content":{"rendered":"\n<p>Der <strong>Ludwig von Bertalanffy<\/strong> <strong>Young Scientist Award<\/strong> (YSA) wird f\u00fcr den vielversprechendsten Beitrag aus Philosophie, Wissenschaft, Technik, Wirtschaft, Design und Kunst verliehen, der das Bertalanffy-Prinzip der Einheit durch Vielfalt demonstriert. Wir sind auf der Suche nach Konzepten und Anwendungen, die das Potenzial haben, einen bl\u00fchenden Planeten, sinnvolle Technologien und eine nachhaltige Gesellschaft mitzugestalten. <a href=\"https:\/\/www.bcsss.org\/de\/programme\/ludwig-von-bertalanffy-young-scientist-award\/ludwig-von-bertalanffy-young-scientist-award-winners\/\" target=\"_blank\" rel=\"noreferrer noopener\">Erfahren Sie mehr \u00fcber unsere bisherigen Preistr\u00e4ger<\/a> und ihre Arbeit.<\/p>\n\n<p>Die Ausschreibung ist ab sofort bis zum <strong>08. November 2019<\/strong> ge\u00f6ffnet.<\/p>\n\n<p><span style=\"font-size: 18pt;\"><strong>Bewerben Sie sich jetzt auf unserer Bewerbungsseite!<\/strong><\/span> (closed)<\/p>\n\n<h3>\u00dcber Ludwig von Bertalanffy<\/h3>\n\n<p>Ludwig von Bertalanffy gilt als Gr\u00fcndungsvater der Allgemeinen Systemtheorie. Er war ein Biologe, ein Philosoph, ein Naturwissenschaftler. Sein Leben war gepr\u00e4gt von seiner Forschung und seinem Wissenstransfer w\u00e4hrend seiner T\u00e4tigkeit an Universit\u00e4ten, wissenschaftlichen Einrichtungen und w\u00e4hrend seiner zahlreichen internationalen Vortragsreisen. Ludwig von Bertalanffy war ein aufgekl\u00e4rter Mensch, der sowohl sein pers\u00f6nliches als auch sein Arbeitsumfeld zu einem interdisziplin\u00e4ren Denken anregte. Sein Leben war das Leben eines intellektuellen Abenteurers, der zun\u00e4chst das Geheimnis der lebendigen Welt erforschte und sp\u00e4ter nach Wegen suchte um zu der Vers\u00f6hnung von Wissenschaft und Geisteswissenschaften, Materialismus und Idealismus, K\u00f6rper und Geist beizutragen. Um mehr \u00fcber Bertalanffys Leben und Werk zu erfahren, beachten Sie die Informationen zu seinem Nachlass auf unserer Website.<\/p>\n\n<h3>Warum diese Auszeichnung<\/h3>\n\n<p>Bertalanffy leistete nicht nur theoretische Beitr\u00e4ge zur Wissenschaft, sondern befasste sich auch mit ph\u00e4nomenologischen und praktischen Fragen, zum Beispiel zur Evolution der Tierarten. Der Bertalanffy Young Scientist Award wurde ins Leben gerufen, um das Erbe von Bertalanffys Lebenswerk f\u00fcr neue erkenntnistheoretische Grundlagen der Wissenschaft zu w\u00fcrdigen, insbesondere sein Engagement f\u00fcr den Br\u00fcckenbau zwischen verschiedenen Fachgebieten.<\/p>\n\n<p>Siebzig Jahre, nachdem er diese entscheidende Arbeit f\u00fcr die Integration der Wissenschaften begonnen hat, ist seine Vision in der akademischen Praxis noch lange nicht verwirklicht. Vielmehr ersetzen die heutige Fokussierung auf Empirie und Big Data Mining ein theoriegeleitetes Forschungsdesign und f\u00fchren zu einer Vernachl\u00e4ssigung erkenntnistheoretischer \u00dcberlegungen und der Weiterentwicklung der Wissenschaftstheorie. Vor dem Hintergrund dieser Entwicklung will die YSA die n\u00e4chste Generation in die Lage versetzen, wesentliche theoretische Beitr\u00e4ge zu einer systemorientierten wissenschaftlichen Forschung in der Gegenwart zu leisten.<\/p>\n\n<h3>Preisverleihung<\/h3>\n\n<p>Die Preise werden auf den European Meetings on Cybernetics and Systems Research oder \u00e4hnlichen akademischen Partnertagungen verliehen und \u00fcber Pressemitteilungen gemeinsam mit akademischen Partnerverb\u00e4nden und einer breiten fachlichen Berichterstattung in den sozialen Medien kommuniziert.<\/p>\n\n<h1>Anforderungen und Bedingungen f\u00fcr den Award<\/h1>\n\n<h3>Die Zielgruppe<\/h3>\n\n<p>Die Zielgruppe dieses \u00f6sterreichischen Wissenschaftspreises sind Absolventen (MA und PhD) einer europ\u00e4ischen Schule oder europ\u00e4ische Staatsb\u00fcrger. Willkommen sind Bewerbungen mit dom\u00e4nen- oder disziplinspezifischen, inter- sowie transdisziplin\u00e4ren Ans\u00e4tzen aus den Natur-, Sozial- und Geisteswissenschaften sowie den Ingenieur- und Designwissenschaften.<\/p>\n\n<h3>Zweck<\/h3>\n\n<p>Der dotierte Nachwuchspreis w\u00fcrdigt den vielversprechendsten Beitrag aus Wissenschaft und Forschung f\u00fcr<br\/>&#8211; Wegweisende Ans\u00e4tze zur Theorieentwicklung und Konzeptualisierung<br\/>&#8211; Erkenntnistheoretische Fortschritte in Wissenschaft, Praxis und Kunst<br\/>&#8211; neue Entwicklungen in der Wissenschaftstheorie und Wissenschaftsparadigmen<\/p>\n\n<p>Sein Zweck ist die Unterst\u00fctzung und Anerkennung der wichtigen und geforderten Entwicklung der n\u00e4chsten Generation von Systemwissenschaftlern und Forschern, wobei der Schwerpunkt auf der theoretischen und erkenntnistheoretischen Weiterentwicklung und F\u00e4higkeiten f\u00fcr zukunftsorientierte L\u00f6sungen liegt.<\/p>\n\n<p>F\u00fcr Beitr\u00e4ge zu Fortschritten in der Methodik und Formalisierung der Wissenschaft, wie z.B. datenbasierte Systemmodellierung sowie andere quantitative, qualitative und explorative Modellierung, die die Entwicklung analytischer Methoden unterst\u00fctzen, wird der <a href=\"https:\/\/www.bcsss.org\/de\/programme\/guenther-ossimitz-memorial-award\/\" target=\"_blank\" rel=\"noreferrer noopener\">G\u00fcnther Ossimitz Memorial Award<\/a> verliehen.<\/p>\n\n<h3>Vorteile<\/h3>\n\n<p>Die Gewinner werden mit einer Geldsumme von EUR 1.000,- pr\u00e4miert und auf den European Meetings on Cybernetics and Systems Research oder \u00e4hnlichen akademischen Partnerkonferenzen, in Pressemitteilungen zusammen mit akademischen Partnerverb\u00e4nden und durch breite professionelle Social Media Berichterstattung der BCSSS, vorgestellt. Alle ausgew\u00e4hlten Nominierten erhalten eine Ehrenurkunde.<\/p>\n\n<h3>Voraussetzungen<\/h3>\n\n<p>Die Thesis und zus\u00e4tzliche Dokumente m\u00fcssen in englischer Sprache eingereicht werden. Falls die Thesis in einer anderen <strong>europ\u00e4ischen<\/strong> Sprache verfasst wurde, muss f\u00fcr die Nominierung eine ausf\u00fchrliche Zusammenfassung der Thesis in englischer Sprache vorgelegt werden. Im weiteren Bewertungsverfahren kann der Antragsteller auf Anfrage des wissenschaftlichen Ausschusses aufgefordert werden, eine vollst\u00e4ndige \u00dcbersetzung vorzulegen.<\/p>\n\n<p>Um f\u00fcr den Preis in Frage zu kommen, muss ein\/e Kandidat\/in seine\/ihre Thesis innerhalb der letzten zwei Jahre verteidigt haben (Datum der Bewertung im Falle einer Masterarbeit).<\/p>\n\n<p>Die Selbstnominierung sollte enthalten:<\/p>\n\n<ol><li>ein ein- bis dreiseitiges Nominierungsschreiben, in dem die herausragende Forschungsleistung der Thesis hervorgehoben wird;<\/li><li>einen Lebenslauf des Kandidaten, der drei Seiten nicht \u00fcberschreiten sollte;<\/li><li>ein Exemplar der Thesis und<\/li><li>ein Schreiben eines Vorgesetzten oder Mentors, der die Nominierung unterst\u00fctzt.<\/li><\/ol>\n\n<p>Bei der Vorbereitung von Nominierungs- und Unterst\u00fctzungsschreiben und Lebenslauf k\u00f6nnen Sie zus\u00e4tzliche Informationen \u00fcber die Arbeit und den Werdegang des Nominierten bereitstellen. Bitte notieren Sie z. B. einen der folgenden Punkte, wenn dieser zutreffend ist:<\/p>\n\n<ul><li>Publikation der Ergebnisse;<\/li><li>Pr\u00e4sentation der Arbeit an einem anderen Ort als der Heimatinstitution;<\/li><li>Anerkennung durch die Universit\u00e4t des Studenten;<\/li><li>Zitierungen (z.B. \u00fcber Google Scholar oder in Vortr\u00e4gen) der Arbeit durch andere Forscher;<\/li><li>Anwendung der Arbeit in praktischen Bereichen, z.B. Industrie, Regierung, NGOs.<\/li><\/ul>\n\n<p>Der Einreichungslink wird einen Monat vor der Einreichungsfrist zur Verf\u00fcgung stehen.The submission link will be available a month prior to the submission deadline.<\/p>\n\n<p>Der Evaluierungsprozess findet innerhalb eines Zeitraums von drei Monaten statt. Die Gewinner werden schriftlich benachrichtigt.<\/p>\n\n<p>Der Preis wird f\u00fcr die Thesis vergeben, die das Preiskomitee f\u00fcr besonders herausragend h\u00e4lt. Die Auszeichnung bezieht sich ausschlie\u00dflich auf die Thesis selbst, nicht auf andere Arbeiten der Person.<\/p>\n\n<p>Da wir uns bewusst sind, dass Frauen in den Bereichen, auf die sich der Preis konzentriert, oft unterrepr\u00e4sentiert sind, sehen wir es als unsere Pflicht an, die Repr\u00e4sentation und wissenschaftliche Anerkennung von Frauen zu f\u00f6rdern und insbesondere junge Forscherinnen zu ermutigen, ihre Thesis einzureichen.<\/p>\n","protected":false},"excerpt":{"rendered":"<p>Der Ludwig von Bertalanffy Young Scientist Award (YSA) wird f\u00fcr den vielversprechendsten Beitrag aus Philosophie, Wissenschaft, Technik, Wirtschaft, Design und Kunst verliehen, der das Bertalanffy-Prinzip der Einheit durch Vielfalt demonstriert. Wir sind auf der Suche nach Konzepten und Anwendungen, die das Potenzial haben, einen bl\u00fchenden Planeten, sinnvolle Technologien und eine&#8230;<\/p>\n","protected":false},"author":7,"featured_media":0,"parent":10429,"menu_order":2,"comment_status":"closed","ping_status":"closed","template":"","meta":[],"amp_enabled":true,"_links":{"self":[{"href":"https:\/\/www.bcsss.org\/de\/wp-json\/wp\/v2\/pages\/8867"}],"collection":[{"href":"https:\/\/www.bcsss.org\/de\/wp-json\/wp\/v2\/pages"}],"about":[{"href":"https:\/\/www.bcsss.org\/de\/wp-json\/wp\/v2\/types\/page"}],"author":[{"embeddable":true,"href":"https:\/\/www.bcsss.org\/de\/wp-json\/wp\/v2\/users\/7"}],"replies":[{"embeddable":true,"href":"https:\/\/www.bcsss.org\/de\/wp-json\/wp\/v2\/comments?post=8867"}],"version-history":[{"count":0,"href":"https:\/\/www.bcsss.org\/de\/wp-json\/wp\/v2\/pages\/8867\/revisions"}],"up":[{"embeddable":true,"href":"https:\/\/www.bcsss.org\/de\/wp-json\/wp\/v2\/pages\/10429"}],"wp:attachment":[{"href":"https:\/\/www.bcsss.org\/de\/wp-json\/wp\/v2\/media?parent=8867"}],"curies":[{"name":"wp","href":"https:\/\/api.w.org\/{rel}","templated":true}]}}