{"id":8869,"date":"2013-06-18T09:58:21","date_gmt":"2013-06-18T07:58:21","guid":{"rendered":"http:\/\/dev.bcsss.org\/ludwig-von-bertalanffy-award-in-complexity-thinking\/"},"modified":"2021-02-18T11:52:32","modified_gmt":"2021-02-18T10:52:32","slug":"ludwig-von-bertalanffy-award-in-complexity-thinking","status":"publish","type":"page","link":"https:\/\/www.bcsss.org\/de\/programme\/ludwig-von-bertalanffy-award-in-complexity-thinking\/","title":{"rendered":"Ludwig von Bertalanffy Award in Complexity Thinking"},"content":{"rendered":"\n<p>Seit 2012 vergibt das Bertalanffy Center for the Study of Systems Science einen Preis, um herausragende Beitr\u00e4ge zum Complexity Thinking zu w\u00fcrdigen.<\/p>\n\n<figure class=\"wp-block-image\"><a href=\"https:\/\/www.bcsss.org\/wp-content\/uploads\/2012\/03\/Beispielgravur.jpg\"><img loading=\"lazy\" width=\"321\" height=\"641\" src=\"https:\/\/www.bcsss.org\/wp-content\/uploads\/2012\/03\/Beispielgravur.jpg\" alt=\"SONY DSC\" class=\"wp-image-8089\" srcset=\"https:\/\/www.bcsss.org\/wp-content\/uploads\/2012\/03\/Beispielgravur.jpg 321w, https:\/\/www.bcsss.org\/wp-content\/uploads\/2012\/03\/Beispielgravur-150x300.jpg 150w\" sizes=\"(max-width: 321px) 100vw, 321px\" \/><\/a><\/figure>\n\n<p><a rel=\"noopener\" href=\"http:\/\/homepages.math.uic.edu\/~kauffman\/\" target=\"_blank\">Louis Kauffmann<\/a>, Forscher auf den Gebieten Kybernetik, Topologie und Grundlagen der Mathematik und Physik, wurde mit dem Ludwig von Bertalanffy Award in Complexity Thinking 2016 ausgezeichnet. Er ist Professor f\u00fcr Mathematik im Department of Mathematics, Statistics, and Computer science an der University of Illinois at Chicago. Seine Arbeit besch\u00e4ftigt sich haupts\u00e4chlich mit den Themen Knotentheorie und Verbindungen zur statistischen Mechanik, Quantentheorie, Algebra, Kombinatorik und Grundlagen. Der Preis wurde ihm im Rahmen der<a href=\"https:\/\/emcsr.net\/\" target=\"_blank\" rel=\"noreferrer noopener\">emcsr avantgarde 2016<\/a> via Live Stream verliehen, es war eine au\u00dfergew\u00f6hnliche und spannende Zeremonie.<\/p>\n\n<p><a href=\"https:\/\/www.bcsss.org\/wp-content\/uploads\/2013\/06\/800px-Louis_H._Kauffman_Oct_2014.jpg\"><img loading=\"lazy\" class=\"alignnone size-medium wp-image-3468\" src=\"https:\/\/www.bcsss.org\/wp-content\/uploads\/2013\/06\/800px-Louis_H._Kauffman_Oct_2014-300x204.jpg\" alt=\"800px-Louis_H._Kauffman,_Oct_2014\" width=\"300\" height=\"204\" srcset=\"https:\/\/www.bcsss.org\/wp-content\/uploads\/2013\/06\/800px-Louis_H._Kauffman_Oct_2014-300x204.jpg 300w, https:\/\/www.bcsss.org\/wp-content\/uploads\/2013\/06\/800px-Louis_H._Kauffman_Oct_2014-100x68.jpg 100w, https:\/\/www.bcsss.org\/wp-content\/uploads\/2013\/06\/800px-Louis_H._Kauffman_Oct_2014-150x102.jpg 150w, https:\/\/www.bcsss.org\/wp-content\/uploads\/2013\/06\/800px-Louis_H._Kauffman_Oct_2014-200x136.jpg 200w, https:\/\/www.bcsss.org\/wp-content\/uploads\/2013\/06\/800px-Louis_H._Kauffman_Oct_2014-450x306.jpg 450w, https:\/\/www.bcsss.org\/wp-content\/uploads\/2013\/06\/800px-Louis_H._Kauffman_Oct_2014-600x408.jpg 600w, https:\/\/www.bcsss.org\/wp-content\/uploads\/2013\/06\/800px-Louis_H._Kauffman_Oct_2014.jpg 800w\" sizes=\"(max-width: 300px) 100vw, 300px\" \/><\/a><br\/>Louis Kauffmann<br\/>\u00a9 Photograph taken at UIC<\/p>\n\n<p><a href=\"https:\/\/www.bcsss.org\/wp-content\/uploads\/2013\/06\/Ce-U-geW8AAlaVv.jpg\"><img loading=\"lazy\" class=\"alignnone size-medium wp-image-3471\" src=\"https:\/\/www.bcsss.org\/wp-content\/uploads\/2013\/06\/Ce-U-geW8AAlaVv-300x268.jpg\" alt=\"Ce-U-geW8AAlaVv\" width=\"300\" height=\"268\" srcset=\"https:\/\/www.bcsss.org\/wp-content\/uploads\/2013\/06\/Ce-U-geW8AAlaVv-300x268.jpg 300w, https:\/\/www.bcsss.org\/wp-content\/uploads\/2013\/06\/Ce-U-geW8AAlaVv-100x89.jpg 100w, https:\/\/www.bcsss.org\/wp-content\/uploads\/2013\/06\/Ce-U-geW8AAlaVv-150x134.jpg 150w, https:\/\/www.bcsss.org\/wp-content\/uploads\/2013\/06\/Ce-U-geW8AAlaVv-200x179.jpg 200w, https:\/\/www.bcsss.org\/wp-content\/uploads\/2013\/06\/Ce-U-geW8AAlaVv-450x402.jpg 450w, https:\/\/www.bcsss.org\/wp-content\/uploads\/2013\/06\/Ce-U-geW8AAlaVv.jpg 600w\" sizes=\"(max-width: 300px) 100vw, 300px\" \/><\/a><br\/>Louis Kauffman zeigte uns, wie &#8218;The observer can see what is not there&#8216; in einem partizipativen Universum.<\/p>\n\n<p>Im Jahr 2014 ging der Ludwig von Bertalanffy Award in Complexity Thinking an <a title=\"Mario Bunge\" rel=\"noopener\" href=\"https:\/\/www.mcgill.ca\/philosophy\/people\/faculty\/bunge\" target=\"_blank\">Mario Bunge<\/a>, Professor Emeritus in Philosophie, McGill University, Montreal, Quebec, Kanada. W\u00e4hrend der European Meetings on Cybernetics and Systems Research 2014 h\u00e4lt Bunge zwei vielversprechende Keynotes. In Kooperation mit dem Middle European Joint Master Program in Cognitive Science <a title=\"meicogsci\" rel=\"noopener\" href=\"http:\/\/www.meicogsci.eu\/\" target=\"_blank\">(Mei:CogSci)<\/a> und der Cognitive Science Research Platform, Universit\u00e4t Wien <a rel=\"noopener\" href=\"https:\/\/cognitivescience.univie.ac.at\/\" target=\"_blank\">(CogSci)<\/a>, pr\u00e4sentierte er seinen Vortrag zum Thema &#8218;The Persistence of the Mind-Body-Problem&#8216; am \u00d6sterreichischen Forschungsinstitut f\u00fcr K\u00fcnstliche Intelligenz <a title=\"ofai\" rel=\"noopener\" href=\"http:\/\/www.ofai.at\/\" target=\"_blank\">(OFAI)<\/a>. Am Institute for Quantum Optics and Quantum Information, Austrian Academy of Sciences, Vienna <a title=\"IQI\" rel=\"noopener\" href=\"https:\/\/iqoqi.at\/en\/\" target=\"_blank\">(IQI)<\/a>, diskutierte Bunge die Frage &#8222;Does the Aharonov-Bohm effect occur?&#8220;.<\/p>\n\n<p><a href=\"https:\/\/www.bcsss.org\/wp-content\/uploads\/2013\/06\/MarioBungesmall.jpg\"><img loading=\"lazy\" class=\"alignnone size-medium wp-image-3455\" src=\"https:\/\/www.bcsss.org\/wp-content\/uploads\/2013\/06\/MarioBungesmall-201x300.jpg\" alt=\"MarioBungesmall\" width=\"201\" height=\"300\" srcset=\"https:\/\/www.bcsss.org\/wp-content\/uploads\/2013\/06\/MarioBungesmall-201x300.jpg 201w, https:\/\/www.bcsss.org\/wp-content\/uploads\/2013\/06\/MarioBungesmall-100x149.jpg 100w, https:\/\/www.bcsss.org\/wp-content\/uploads\/2013\/06\/MarioBungesmall-150x223.jpg 150w, https:\/\/www.bcsss.org\/wp-content\/uploads\/2013\/06\/MarioBungesmall-200x298.jpg 200w, https:\/\/www.bcsss.org\/wp-content\/uploads\/2013\/06\/MarioBungesmall.jpg 214w\" sizes=\"(max-width: 201px) 100vw, 201px\" \/><\/a><br\/>Mario Bunge<br\/>\u00a9 emcsr<\/p>\n\n<p>Der Gewinner des ersten Preises im Jahr 2012 war <a title=\"edgar morin\" rel=\"noopener\" href=\"http:\/\/www.edgarmorin.org\/biografia-edgar-morin.html\" target=\"_blank\">Edgar Morin<\/a>, ein weithin anerkannter franz\u00f6sischer Philosoph und Soziologe, einer der ersten Systemphilosophen und der Begr\u00fcnder des Complex Thought. Die Zeremonie fand im Rahmen der European Meetings on Cybernetics and Systems Research 2012 <a href=\"https:\/\/emcsr.net\" target=\"_blank\" rel=\"noreferrer noopener\">(EMCSR)<\/a> statt. Morin hielt eine inspirierende Keynote zum Thema <strong>&#8222;Complex thinking for a complex world &#8211; About reductionism, disjunction and systemism&#8220;<\/strong>. <a rel=\"noopener\" href=\"http:\/\/www.youtube.com\/watch?v=ZMGucd5vjfY&amp;feature=plcp\" target=\"_blank\">Klicken Sie hier f\u00fcr das vollst\u00e4ndige Video seiner Keynote.<\/a><\/p>\n\n<p><a href=\"https:\/\/www.bcsss.org\/wp-content\/uploads\/2013\/06\/morin.jpg\"><img loading=\"lazy\" class=\"alignnone size-medium wp-image-3463\" src=\"https:\/\/www.bcsss.org\/wp-content\/uploads\/2013\/06\/morin-237x300.jpg\" alt=\"morin\" width=\"237\" height=\"300\" srcset=\"https:\/\/www.bcsss.org\/wp-content\/uploads\/2013\/06\/morin-237x300.jpg 237w, https:\/\/www.bcsss.org\/wp-content\/uploads\/2013\/06\/morin-100x126.jpg 100w, https:\/\/www.bcsss.org\/wp-content\/uploads\/2013\/06\/morin-150x189.jpg 150w, https:\/\/www.bcsss.org\/wp-content\/uploads\/2013\/06\/morin-200x252.jpg 200w, https:\/\/www.bcsss.org\/wp-content\/uploads\/2013\/06\/morin-300x378.jpg 300w, https:\/\/www.bcsss.org\/wp-content\/uploads\/2013\/06\/morin-450x568.jpg 450w, https:\/\/www.bcsss.org\/wp-content\/uploads\/2013\/06\/morin.jpg 452w\" sizes=\"(max-width: 237px) 100vw, 237px\" \/><\/a><br\/>Edgar Morin<br\/>\u00a9 emcsr<\/p>\n","protected":false},"excerpt":{"rendered":"<p>Seit 2012 vergibt das Bertalanffy Center for the Study of Systems Science einen Preis, um herausragende Beitr\u00e4ge zum Complexity Thinking zu w\u00fcrdigen. Louis Kauffmann, Forscher auf den Gebieten Kybernetik, Topologie und Grundlagen der Mathematik und Physik, wurde mit dem Ludwig von Bertalanffy Award in Complexity Thinking 2016 ausgezeichnet. Er ist&#8230;<\/p>\n","protected":false},"author":7,"featured_media":0,"parent":10429,"menu_order":3,"comment_status":"closed","ping_status":"closed","template":"","meta":[],"amp_enabled":true,"_links":{"self":[{"href":"https:\/\/www.bcsss.org\/de\/wp-json\/wp\/v2\/pages\/8869"}],"collection":[{"href":"https:\/\/www.bcsss.org\/de\/wp-json\/wp\/v2\/pages"}],"about":[{"href":"https:\/\/www.bcsss.org\/de\/wp-json\/wp\/v2\/types\/page"}],"author":[{"embeddable":true,"href":"https:\/\/www.bcsss.org\/de\/wp-json\/wp\/v2\/users\/7"}],"replies":[{"embeddable":true,"href":"https:\/\/www.bcsss.org\/de\/wp-json\/wp\/v2\/comments?post=8869"}],"version-history":[{"count":0,"href":"https:\/\/www.bcsss.org\/de\/wp-json\/wp\/v2\/pages\/8869\/revisions"}],"up":[{"embeddable":true,"href":"https:\/\/www.bcsss.org\/de\/wp-json\/wp\/v2\/pages\/10429"}],"wp:attachment":[{"href":"https:\/\/www.bcsss.org\/de\/wp-json\/wp\/v2\/media?parent=8869"}],"curies":[{"name":"wp","href":"https:\/\/api.w.org\/{rel}","templated":true}]}}