{"id":8911,"date":"2016-02-21T16:27:28","date_gmt":"2016-02-21T15:27:28","guid":{"rendered":"http:\/\/dev.bcsss.org\/gaeste\/"},"modified":"2021-02-16T19:38:47","modified_gmt":"2021-02-16T18:38:47","slug":"gaeste","status":"publish","type":"page","link":"https:\/\/www.bcsss.org\/de\/gaeste\/","title":{"rendered":"G\u00e4ste"},"content":{"rendered":"<h2>Gastwissenschaftler*innen<\/h2>\n<p><a href=\"https:\/\/www.bcsss.org\/wp-content\/uploads\/2019\/03\/GuidoStrunk.jpg\"><img loading=\"lazy\" class=\"alignnone wp-image-8702\" src=\"https:\/\/www.bcsss.org\/wp-content\/uploads\/2019\/03\/GuidoStrunk.jpg\" alt=\"\" width=\"99\" height=\"132\" srcset=\"https:\/\/www.bcsss.org\/wp-content\/uploads\/2019\/03\/GuidoStrunk.jpg 150w, https:\/\/www.bcsss.org\/wp-content\/uploads\/2019\/03\/GuidoStrunk-100x133.jpg 100w\" sizes=\"(max-width: 99px) 100vw, 99px\" \/><\/a><br \/>\nGuido Strunk, Privatdozent, Technische Universit\u00e4t Dortmund<br \/>\n11\/2018<\/p>\n<p><a href=\"https:\/\/www.bcsss.org\/wp-content\/uploads\/2019\/03\/Roland-W-Scholz.jpeg\"><img loading=\"lazy\" class=\"alignnone wp-image-8703\" src=\"https:\/\/www.bcsss.org\/wp-content\/uploads\/2019\/03\/Roland-W-Scholz-232x300.jpeg\" alt=\"\" width=\"100\" height=\"129\" srcset=\"https:\/\/www.bcsss.org\/wp-content\/uploads\/2019\/03\/Roland-W-Scholz-232x300.jpeg 232w, https:\/\/www.bcsss.org\/wp-content\/uploads\/2019\/03\/Roland-W-Scholz-100x129.jpeg 100w, https:\/\/www.bcsss.org\/wp-content\/uploads\/2019\/03\/Roland-W-Scholz-150x194.jpeg 150w, https:\/\/www.bcsss.org\/wp-content\/uploads\/2019\/03\/Roland-W-Scholz-200x259.jpeg 200w, https:\/\/www.bcsss.org\/wp-content\/uploads\/2019\/03\/Roland-W-Scholz-300x388.jpeg 300w, https:\/\/www.bcsss.org\/wp-content\/uploads\/2019\/03\/Roland-W-Scholz-450x582.jpeg 450w, https:\/\/www.bcsss.org\/wp-content\/uploads\/2019\/03\/Roland-W-Scholz.jpeg 600w\" sizes=\"(max-width: 100px) 100vw, 100px\" \/><\/a><br \/>\nRoland. W. Scholz, Professor Emeritus, ETH Z\u00fcrich<br \/>\n10\/2018<\/p>\n<p><a href=\"https:\/\/www.bcsss.org\/wp-content\/uploads\/2019\/03\/Yvonne-Hofstetter-@-C.Bertelsmann.jpg\"><img loading=\"lazy\" class=\"alignnone wp-image-8704\" src=\"https:\/\/www.bcsss.org\/wp-content\/uploads\/2019\/03\/Yvonne-Hofstetter-@-C.Bertelsmann-241x300.jpg\" alt=\"\" width=\"100\" height=\"124\" srcset=\"https:\/\/www.bcsss.org\/wp-content\/uploads\/2019\/03\/Yvonne-Hofstetter-@-C.Bertelsmann-241x300.jpg 241w, https:\/\/www.bcsss.org\/wp-content\/uploads\/2019\/03\/Yvonne-Hofstetter-@-C.Bertelsmann.jpg 768w, https:\/\/www.bcsss.org\/wp-content\/uploads\/2019\/03\/Yvonne-Hofstetter-@-C.Bertelsmann-100x125.jpg 100w, https:\/\/www.bcsss.org\/wp-content\/uploads\/2019\/03\/Yvonne-Hofstetter-@-C.Bertelsmann-150x187.jpg 150w, https:\/\/www.bcsss.org\/wp-content\/uploads\/2019\/03\/Yvonne-Hofstetter-@-C.Bertelsmann-200x249.jpg 200w, https:\/\/www.bcsss.org\/wp-content\/uploads\/2019\/03\/Yvonne-Hofstetter-@-C.Bertelsmann-300x374.jpg 300w, https:\/\/www.bcsss.org\/wp-content\/uploads\/2019\/03\/Yvonne-Hofstetter-@-C.Bertelsmann-450x561.jpg 450w, https:\/\/www.bcsss.org\/wp-content\/uploads\/2019\/03\/Yvonne-Hofstetter-@-C.Bertelsmann-600x748.jpg 600w\" sizes=\"(max-width: 100px) 100vw, 100px\" \/><\/a><br \/>\nYvonne Hofstetter, Authorin, Publizistin, Essayistin, Deutschland und Schweiz<br \/>\n10\/2018<\/p>\n<p><a href=\"https:\/\/www.bcsss.org\/wp-content\/uploads\/2019\/03\/Dirk-Helbing.png\"><img loading=\"lazy\" class=\"alignnone wp-image-8705\" src=\"https:\/\/www.bcsss.org\/wp-content\/uploads\/2019\/03\/Dirk-Helbing-241x300.png\" alt=\"\" width=\"100\" height=\"124\" srcset=\"https:\/\/www.bcsss.org\/wp-content\/uploads\/2019\/03\/Dirk-Helbing-241x300.png 241w, https:\/\/www.bcsss.org\/wp-content\/uploads\/2019\/03\/Dirk-Helbing-100x124.png 100w, https:\/\/www.bcsss.org\/wp-content\/uploads\/2019\/03\/Dirk-Helbing-150x186.png 150w, https:\/\/www.bcsss.org\/wp-content\/uploads\/2019\/03\/Dirk-Helbing-200x248.png 200w, https:\/\/www.bcsss.org\/wp-content\/uploads\/2019\/03\/Dirk-Helbing-300x373.png 300w, https:\/\/www.bcsss.org\/wp-content\/uploads\/2019\/03\/Dirk-Helbing.png 330w\" sizes=\"(max-width: 100px) 100vw, 100px\" \/><\/a><br \/>\nDirk Helbing, Professor in Computerwissenschaften, ETH Z\u00fcrich<br \/>\n10\/2018<\/p>\n<p><a href=\"https:\/\/www.bcsss.org\/wp-content\/uploads\/2019\/03\/Jochen_Mau-1.jpg\"><img loading=\"lazy\" class=\"alignnone wp-image-8707\" src=\"https:\/\/www.bcsss.org\/wp-content\/uploads\/2019\/03\/Jochen_Mau-1-236x300.jpg\" alt=\"\" width=\"100\" height=\"127\" srcset=\"https:\/\/www.bcsss.org\/wp-content\/uploads\/2019\/03\/Jochen_Mau-1-236x300.jpg 236w, https:\/\/www.bcsss.org\/wp-content\/uploads\/2019\/03\/Jochen_Mau-1-100x127.jpg 100w, https:\/\/www.bcsss.org\/wp-content\/uploads\/2019\/03\/Jochen_Mau-1-150x191.jpg 150w, https:\/\/www.bcsss.org\/wp-content\/uploads\/2019\/03\/Jochen_Mau-1-200x255.jpg 200w, https:\/\/www.bcsss.org\/wp-content\/uploads\/2019\/03\/Jochen_Mau-1-300x382.jpg 300w, https:\/\/www.bcsss.org\/wp-content\/uploads\/2019\/03\/Jochen_Mau-1.jpg 374w\" sizes=\"(max-width: 100px) 100vw, 100px\" \/><\/a><br \/>\nJochen Mau, Heinrich-Heine Universit\u00e4t D\u00fcsseldorf<br \/>\n10\/2018<\/p>\n<p><a href=\"https:\/\/www.bcsss.org\/wp-content\/uploads\/2019\/03\/wolfgang-tschacher.jpg\"><img loading=\"lazy\" class=\"alignnone wp-image-8708\" src=\"https:\/\/www.bcsss.org\/wp-content\/uploads\/2019\/03\/wolfgang-tschacher.jpg\" alt=\"\" width=\"100\" height=\"133\" srcset=\"https:\/\/www.bcsss.org\/wp-content\/uploads\/2019\/03\/wolfgang-tschacher.jpg 150w, https:\/\/www.bcsss.org\/wp-content\/uploads\/2019\/03\/wolfgang-tschacher-100x133.jpg 100w\" sizes=\"(max-width: 100px) 100vw, 100px\" \/><\/a><br \/>\nWolfgang Tschacher, Professor, Universit\u00e4t Bern<br \/>\n10\/2018<\/p>\n<p><a href=\"https:\/\/www.bcsss.org\/wp-content\/uploads\/2019\/03\/Cadell_Last.jpg\"><img loading=\"lazy\" class=\"alignnone wp-image-8709\" src=\"https:\/\/www.bcsss.org\/wp-content\/uploads\/2019\/03\/Cadell_Last-205x300.jpg\" alt=\"\" width=\"100\" height=\"146\" srcset=\"https:\/\/www.bcsss.org\/wp-content\/uploads\/2019\/03\/Cadell_Last-205x300.jpg 205w, https:\/\/www.bcsss.org\/wp-content\/uploads\/2019\/03\/Cadell_Last-100x146.jpg 100w, https:\/\/www.bcsss.org\/wp-content\/uploads\/2019\/03\/Cadell_Last-150x219.jpg 150w, https:\/\/www.bcsss.org\/wp-content\/uploads\/2019\/03\/Cadell_Last-200x292.jpg 200w, https:\/\/www.bcsss.org\/wp-content\/uploads\/2019\/03\/Cadell_Last.jpg 299w\" sizes=\"(max-width: 100px) 100vw, 100px\" \/><\/a><br \/>\nCadell Last, PhD Student, Global Brain Institute, Vrije Universiteit Br\u00fcssel<br \/>\n9\/2018<\/p>\n<p><a href=\"https:\/\/www.bcsss.org\/wp-content\/uploads\/2019\/03\/henriettel\u00f6fflerstastka.jpg\"><img loading=\"lazy\" class=\"alignnone wp-image-8710\" src=\"https:\/\/www.bcsss.org\/wp-content\/uploads\/2019\/03\/henriettel\u00f6fflerstastka.jpg\" alt=\"\" width=\"100\" height=\"133\" srcset=\"https:\/\/www.bcsss.org\/wp-content\/uploads\/2019\/03\/henriettel\u00f6fflerstastka.jpg 150w, https:\/\/www.bcsss.org\/wp-content\/uploads\/2019\/03\/henriettel\u00f6fflerstastka-100x133.jpg 100w\" sizes=\"(max-width: 100px) 100vw, 100px\" \/><\/a><br \/>\nHenriette L\u00f6ffler-Stastka, Medizinische Universit\u00e4t Wien<br \/>\n6\/2018<\/p>\n<p><a href=\"https:\/\/www.bcsss.org\/wp-content\/uploads\/2019\/03\/johannaugustsch\u00fclein.jpg\"><img loading=\"lazy\" class=\"alignnone wp-image-8711\" src=\"https:\/\/www.bcsss.org\/wp-content\/uploads\/2019\/03\/johannaugustsch\u00fclein-217x300.jpg\" alt=\"\" width=\"100\" height=\"138\" srcset=\"https:\/\/www.bcsss.org\/wp-content\/uploads\/2019\/03\/johannaugustsch\u00fclein-217x300.jpg 217w, https:\/\/www.bcsss.org\/wp-content\/uploads\/2019\/03\/johannaugustsch\u00fclein-100x138.jpg 100w, https:\/\/www.bcsss.org\/wp-content\/uploads\/2019\/03\/johannaugustsch\u00fclein-150x208.jpg 150w, https:\/\/www.bcsss.org\/wp-content\/uploads\/2019\/03\/johannaugustsch\u00fclein-200x277.jpg 200w, https:\/\/www.bcsss.org\/wp-content\/uploads\/2019\/03\/johannaugustsch\u00fclein.jpg 250w\" sizes=\"(max-width: 100px) 100vw, 100px\" \/><\/a><br \/>\nJohann August Sch\u00fclein, Professor Emeritus, WU Wien<br \/>\n6\/2018<\/p>\n<p><a href=\"https:\/\/www.bcsss.org\/wp-content\/uploads\/2016\/02\/Ernest-Hakanen.jpg\"><img loading=\"lazy\" class=\"alignnone wp-image-8492\" src=\"https:\/\/www.bcsss.org\/wp-content\/uploads\/2016\/02\/Ernest-Hakanen.jpg\" alt=\"\" width=\"97\" height=\"141\" srcset=\"https:\/\/www.bcsss.org\/wp-content\/uploads\/2016\/02\/Ernest-Hakanen.jpg 103w, https:\/\/www.bcsss.org\/wp-content\/uploads\/2016\/02\/Ernest-Hakanen-100x146.jpg 100w\" sizes=\"(max-width: 97px) 100vw, 97px\" \/><\/a><br \/>\nErnest A. Hakanen, PhD, Professor of Communication, Drexel Universit\u00e4t, Philadelphia<br \/>\n4\/2017<\/p>\n<p><a href=\"https:\/\/www.bcsss.org\/wp-content\/uploads\/2017\/01\/TS.jpg\"><img loading=\"lazy\" class=\"alignnone wp-image-8457\" src=\"https:\/\/www.bcsss.org\/wp-content\/uploads\/2017\/01\/TS-208x300.jpg\" width=\"97\" height=\"140\" srcset=\"https:\/\/www.bcsss.org\/wp-content\/uploads\/2017\/01\/TS-208x300.jpg 208w, https:\/\/www.bcsss.org\/wp-content\/uploads\/2017\/01\/TS-100x144.jpg 100w, https:\/\/www.bcsss.org\/wp-content\/uploads\/2017\/01\/TS-150x217.jpg 150w, https:\/\/www.bcsss.org\/wp-content\/uploads\/2017\/01\/TS-200x289.jpg 200w, https:\/\/www.bcsss.org\/wp-content\/uploads\/2017\/01\/TS-300x433.jpg 300w, https:\/\/www.bcsss.org\/wp-content\/uploads\/2017\/01\/TS.jpg 302w\" sizes=\"(max-width: 97px) 100vw, 97px\" \/><\/a><br \/>\nTom\u00e1\u0161 Sigmund, Assistant Professor, Wirtschaftsuniversit\u00e4t Prag<br \/>\n1\/2017, 5\/2017<\/p>\n<p><a href=\"https:\/\/www.bcsss.org\/wp-content\/uploads\/2014\/11\/collier-207x300.jpg\"><img loading=\"lazy\" src=\"https:\/\/www.bcsss.org\/wp-content\/uploads\/2014\/11\/collier-207x300.jpg\" alt=\"John Collier\" width=\"97\" height=\"141\" \/><\/a><\/p>\n<p>John Collier, BCSSS Fellow, University of KwaZulu-Natal, Durban<br \/>\n11\/2014, 5-6\/2016<\/p>\n<h2><\/h2>\n<h2><span class=\"breadcrumb-current\">Ludwig von Bertalanffy PhD Stipendiatin<\/span><\/h2>\n<p><a href=\"https:\/\/www.bcsss.org\/wp-content\/uploads\/2014\/07\/Asimina_Koukou_BCSSS.jpg\"><img loading=\"lazy\" class=\"alignnone size-full wp-image-8281\" src=\"https:\/\/www.bcsss.org\/wp-content\/uploads\/2014\/07\/Asimina_Koukou_BCSSS.jpg\" alt=\"Asimina Koukou\" width=\"98\" height=\"142\" \/><\/a><br \/>\nAsimina Kokou, Kommunikationswissenschaften, Universit\u00e4t Wien<br \/>\n1\/2014 &#8211; 1\/2017<\/p>\n<h2><\/h2>\n<h2>Gaststudent*innen<\/h2>\n<p><a href=\"https:\/\/www.bcsss.org\/wp-content\/uploads\/2016\/02\/cristina-voinea.png\"><img loading=\"lazy\" class=\"alignnone wp-image-8539\" src=\"https:\/\/www.bcsss.org\/wp-content\/uploads\/2016\/02\/cristina-voinea-208x300.png\" alt=\"\" width=\"97\" height=\"140\" srcset=\"https:\/\/www.bcsss.org\/wp-content\/uploads\/2016\/02\/cristina-voinea-208x300.png 208w, https:\/\/www.bcsss.org\/wp-content\/uploads\/2016\/02\/cristina-voinea-100x144.png 100w, https:\/\/www.bcsss.org\/wp-content\/uploads\/2016\/02\/cristina-voinea-150x216.png 150w, https:\/\/www.bcsss.org\/wp-content\/uploads\/2016\/02\/cristina-voinea-200x288.png 200w, https:\/\/www.bcsss.org\/wp-content\/uploads\/2016\/02\/cristina-voinea-300x432.png 300w, https:\/\/www.bcsss.org\/wp-content\/uploads\/2016\/02\/cristina-voinea-450x648.png 450w, https:\/\/www.bcsss.org\/wp-content\/uploads\/2016\/02\/cristina-voinea.png 583w\" sizes=\"(max-width: 97px) 100vw, 97px\" \/><br \/>\n<\/a>Cristina Voinea, PhD Student, Universit\u00e4t Bukarest<br \/>\n11\/2017<\/p>\n<p><a href=\"https:\/\/www.bcsss.org\/wp-content\/uploads\/2016\/02\/wu-tianqi-2017.jpeg\"><img loading=\"lazy\" class=\"alignnone wp-image-8497\" src=\"https:\/\/www.bcsss.org\/wp-content\/uploads\/2016\/02\/wu-tianqi-2017.jpeg\" alt=\"\" width=\"97\" height=\"135\" srcset=\"https:\/\/www.bcsss.org\/wp-content\/uploads\/2016\/02\/wu-tianqi-2017.jpeg 479w, https:\/\/www.bcsss.org\/wp-content\/uploads\/2016\/02\/wu-tianqi-2017-215x300.jpeg 215w, https:\/\/www.bcsss.org\/wp-content\/uploads\/2016\/02\/wu-tianqi-2017-100x139.jpeg 100w, https:\/\/www.bcsss.org\/wp-content\/uploads\/2016\/02\/wu-tianqi-2017-150x209.jpeg 150w, https:\/\/www.bcsss.org\/wp-content\/uploads\/2016\/02\/wu-tianqi-2017-200x279.jpeg 200w, https:\/\/www.bcsss.org\/wp-content\/uploads\/2016\/02\/wu-tianqi-2017-300x418.jpeg 300w, https:\/\/www.bcsss.org\/wp-content\/uploads\/2016\/02\/wu-tianqi-2017-450x628.jpeg 450w\" sizes=\"(max-width: 97px) 100vw, 97px\" \/><\/a><br \/>\nWu Tianqi, PhD Student, Jiaotong-Universit\u00e4t Xi&#8217;an<br \/>\n2\/2017 &#8211; 3\/2018<\/p>\n<p><a href=\"https:\/\/www.bcsss.org\/wp-content\/uploads\/2016\/02\/Monika-Pichler-1.jpg\"><img loading=\"lazy\" class=\"alignnone wp-image-8488\" src=\"https:\/\/www.bcsss.org\/wp-content\/uploads\/2016\/02\/Monika-Pichler-1-213x300.jpg\" alt=\"\" width=\"97\" height=\"136\" srcset=\"https:\/\/www.bcsss.org\/wp-content\/uploads\/2016\/02\/Monika-Pichler-1-213x300.jpg 213w, https:\/\/www.bcsss.org\/wp-content\/uploads\/2016\/02\/Monika-Pichler-1-100x141.jpg 100w, https:\/\/www.bcsss.org\/wp-content\/uploads\/2016\/02\/Monika-Pichler-1-150x211.jpg 150w, https:\/\/www.bcsss.org\/wp-content\/uploads\/2016\/02\/Monika-Pichler-1-200x281.jpg 200w, https:\/\/www.bcsss.org\/wp-content\/uploads\/2016\/02\/Monika-Pichler-1-300x422.jpg 300w, https:\/\/www.bcsss.org\/wp-content\/uploads\/2016\/02\/Monika-Pichler-1-450x632.jpg 450w, https:\/\/www.bcsss.org\/wp-content\/uploads\/2016\/02\/Monika-Pichler-1-600x843.jpg 600w, https:\/\/www.bcsss.org\/wp-content\/uploads\/2016\/02\/Monika-Pichler-1.jpg 681w\" sizes=\"(max-width: 97px) 100vw, 97px\" \/><\/a><br \/>\nMonika Pichler, M.A. Student, <a href=\"http:\/\/europeansystemdynamics.eu\/\">European Master in System Dynamics<\/a><br \/>\n2\/2017 &#8211; 7\/2017<\/p>\n<p><a href=\"https:\/\/www.bcsss.org\/wp-content\/uploads\/2016\/02\/liang.png\"><img loading=\"lazy\" class=\"alignnone wp-image-8423\" src=\"https:\/\/www.bcsss.org\/wp-content\/uploads\/2016\/02\/liang.png\" alt=\"liang\" width=\"97\" height=\"141\" \/><br \/>\n<\/a>Liang Wang, PhD Scholar, China Scholarship Council, Jiaotong-Universit\u00e4t Xi&#8217;an<br \/>\n10\/2016-9\/2018<\/p>\n<p><a href=\"https:\/\/www.bcsss.org\/wp-content\/uploads\/2016\/02\/markus.png\"><img loading=\"lazy\" src=\"https:\/\/www.bcsss.org\/wp-content\/uploads\/2016\/02\/markus-206x300.png\" alt=\"markus\" width=\"97\" height=\"141\" \/><\/a><\/p>\n<p>Markus Arzberger, PhD student,\u00a0TU Wien<br \/>\n3\/2016-5\/2016<\/p>\n<p><a href=\"https:\/\/www.bcsss.org\/wp-content\/uploads\/2014\/05\/\u65b0\u7248\u2014\u62a4\u7167_\u526f\u672c.jpg\"><img loading=\"lazy\" src=\"https:\/\/www.bcsss.org\/wp-content\/uploads\/2014\/05\/\u65b0\u7248\u2014\u62a4\u7167_\u526f\u672c.jpg\" alt=\"\u65b0\u7248\u2014\u62a4\u7167_\u526f\u672c\" width=\"97\" height=\"141\" \/><\/a><\/p>\n<p>Lin Bi, PhD Scholar,\u00a0China Scholarship Council, Jiaotong-Universit\u00e4t Xi&#8217;an<br \/>\n12\/2014-5\/2016<\/p>\n<p><a href=\"https:\/\/www.bcsss.org\/wp-content\/uploads\/2016\/02\/jianwang.jpg\"><img loading=\"lazy\" src=\"https:\/\/www.bcsss.org\/wp-content\/uploads\/2016\/02\/jianwang.jpg\" alt=\"jianwang\" width=\"97\" height=\"141\" \/><\/a><\/p>\n<p>Jian Wang, PhD Scholar, Jiaotong-Universit\u00e4t Xi&#8217;an<br \/>\n12\/2014-5\/2015<\/p>\n","protected":false},"excerpt":{"rendered":"<p>Gastwissenschaftler*innen Guido Strunk, Privatdozent, Technische Universit\u00e4t Dortmund 11\/2018 Roland. W. Scholz, Professor Emeritus, ETH Z\u00fcrich 10\/2018 Yvonne Hofstetter, Authorin, Publizistin, Essayistin, Deutschland und Schweiz 10\/2018 Dirk Helbing, Professor in Computerwissenschaften, ETH Z\u00fcrich 10\/2018 Jochen Mau, Heinrich-Heine Universit\u00e4t D\u00fcsseldorf 10\/2018 Wolfgang Tschacher, Professor, Universit\u00e4t Bern 10\/2018 Cadell Last, PhD Student, Global&#8230;<\/p>\n","protected":false},"author":7,"featured_media":0,"parent":0,"menu_order":7,"comment_status":"closed","ping_status":"open","template":"","meta":[],"amp_enabled":true,"_links":{"self":[{"href":"https:\/\/www.bcsss.org\/de\/wp-json\/wp\/v2\/pages\/8911"}],"collection":[{"href":"https:\/\/www.bcsss.org\/de\/wp-json\/wp\/v2\/pages"}],"about":[{"href":"https:\/\/www.bcsss.org\/de\/wp-json\/wp\/v2\/types\/page"}],"author":[{"embeddable":true,"href":"https:\/\/www.bcsss.org\/de\/wp-json\/wp\/v2\/users\/7"}],"replies":[{"embeddable":true,"href":"https:\/\/www.bcsss.org\/de\/wp-json\/wp\/v2\/comments?post=8911"}],"version-history":[{"count":0,"href":"https:\/\/www.bcsss.org\/de\/wp-json\/wp\/v2\/pages\/8911\/revisions"}],"wp:attachment":[{"href":"https:\/\/www.bcsss.org\/de\/wp-json\/wp\/v2\/media?parent=8911"}],"curies":[{"name":"wp","href":"https:\/\/api.w.org\/{rel}","templated":true}]}}