{"id":8921,"date":"2019-05-03T12:08:47","date_gmt":"2019-05-03T10:08:47","guid":{"rendered":"http:\/\/dev.bcsss.org\/guenther-ossimitz-memorial-award\/"},"modified":"2021-02-19T17:25:32","modified_gmt":"2021-02-19T16:25:32","slug":"guenther-ossimitz-memorial-award","status":"publish","type":"page","link":"https:\/\/www.bcsss.org\/de\/programme\/guenther-ossimitz-memorial-award\/","title":{"rendered":"G\u00fcnther Ossimitz Memorial Award"},"content":{"rendered":"\n<p>Der <strong>G\u00fcnther Ossimitz Memorial Award<\/strong> (GO Award) w\u00fcrdigt den vielversprechendsten Beitrag aus Wissenschaft und Forschung im Bereich der datenbasierten Systemmodellierung sowie anderer quantitativer, qualitativer und explorativer Modellierungs- und Analysemethoden, die eine Formalisierung von Systemans\u00e4tzen erm\u00f6glichen.<\/p>\n\n<p>Die Ausschreibung ist ab sofort bis zum <strong>08. November 2019<\/strong> ge\u00f6ffnet.<\/p>\n\n<p><span style=\"font-size: 18pt;\" wfd-id=\"1054\"><strong>Bewerben Sie sich jetzt auf unserer Bewerbungsseite!<\/strong><\/span><span style=\"font-size: 18pt;\"><strong> (closed)<\/strong><\/span><span style=\"font-size: 18pt;\" wfd-id=\"1054\"><strong><br\/><\/strong><\/span><\/p>\n\n<h3>\u00dcber G\u00fcnther Ossimitz<\/h3>\n\n<p>Ao. Univ.-Prof. Mag. Dr. G\u00fcnther Ossimitz (1958-2013) war ein international anerkannter \u00f6sterreichischer Wissenschaftler.<\/p>\n\n<p>W\u00e4hrend seiner Lehramtsausbildung in Mathematik und Geographie engagierte sich G\u00fcnther Ossimitz am Institut f\u00fcr Mathematik an der Alpen-Adria-Universit\u00e4t Klagenfurt (AAU) und wurde schon bald nach seinem Abschluss 1984 Universit\u00e4tsassistent. 1991 promovierte G\u00fcnther Ossimitz mit einer Arbeit \u00fcber Mathematik f\u00fcr Wirtschaftswissenschaftler und habilitierte im Jahre 2001 mit einer Arbeit \u00fcber die &#8222;Entwicklung des systemischen Denkens&#8220;. An der AAU arbeitete G\u00fcnther Ossimitz am Thema &#8222;Systemdenken und Kreativit\u00e4t in der Schulpraxis&#8220;. Seine Projekte, Lehr- und Forschungst\u00e4tigkeiten im Bereich des systemischen Denkens und seine Schwerpunkte im Denken in Modellen, Denken in vernetzten Strukturen, Denken in dynamischen Zeitformen und seine F\u00e4higkeit im praktischen Umgang mit Systemmodellen gelten in \u00d6sterreich als wegweisend und sind auch international anerkannt.<\/p>\n\n<p>G\u00fcnther Ossimitz engagierte sich von 2004 bis 2012 im Bertalanffy Center for the Study of Systems Science (BCSSS), wo er als Mitglied des Board of Directors fungierte. \u00dcber die wissenschaftliche Zielsetzung des BCSSS hinaus ist es der Wunsch des Bertalanffy Center, den Namen, die intellektuellen Leistungen und das Werk von G\u00fcnther Ossimitz zum Wohle zuk\u00fcnftiger Generationen zu w\u00fcrdigen.<\/p>\n\n<h3>Warum diese Auszeichnung<\/h3>\n\n<p>Als Mathematiklehrer liebte G\u00fcnther Ossimitz die Arbeit mit jungen Menschen und hatte die gro\u00dfe Leidenschaft, sie f\u00fcr das weite Feld der Mathematik zu begeistern. Der G\u00fcnther-Ossimitz-Preis wurde in Erinnerung an den herausragenden Beitrag von G\u00fcnther Ossimitz zur Weiterentwicklung der Systemwissenschaften gestiftet. Insbesondere seine Leidenschaft f\u00fcr die F\u00f6rderung des wissenschaftlichen Nachwuchses ist der Hauptgrund f\u00fcr die Einrichtung und Vergabe dieses Preises.<\/p>\n\n<p>Dank einer Spende, die \u00fcber Crowdfunding von Mag. Dr. Barbara Hanfstingl, Assistenzprofessorin am Institut f\u00fcr Unterrichts- und Schulentwicklung der AAU, sowie ihrer Initiative zur Entwicklung des G\u00fcnther-Ossimitz-Preises, wurde es der BCSSS erm\u00f6glicht, diesen gestifteten Wissenschaftspreis mit seinen Folgemitteln und strategischer Unterst\u00fctzung ab 2018 zu vergeben.<\/p>\n\n<h3>Preisverleihung<\/h3>\n\n<p>Die Preise werden auf den European Meetings on Cybernetics and Systems Research oder \u00e4hnlichen akademischen Partnertagungen verliehen und \u00fcber Pressemitteilungen zusammen mit akademischen Partnerverb\u00e4nden und einer breiten professionellen Social-Media-Berichterstattung, abgesichert durch die BCSSS, kommuniziert.<\/p>\n\n<h2>\u00a0<\/h2>\n\n<h2>Anforderungen und Bedingungen f\u00fcr den Award<\/h2>\n\n<h3>Die Zielgruppe<\/h3>\n\n<p>Die Zielgruppe dieses \u00f6sterreichischen Wissenschaftspreises sind Absolventen (MA und PhD) einer europ\u00e4ischen Schule oder europ\u00e4ische Staatsb\u00fcrger. Willkommen sind Bewerbungen mit dom\u00e4nen- oder disziplinspezifischen, inter- sowie transdisziplin\u00e4ren Ans\u00e4tzen aus den Natur-, Sozial- und Geisteswissenschaften sowie den Ingenieur- und Designwissenschaften.<\/p>\n\n<h3>Zweck<\/h3>\n\n<p>Der dotierte G\u00fcnther-Ossimitz-Preis w\u00fcrdigt den vielversprechendsten Beitrag aus Wissenschaft und Forschung in z.B. Systemdynamik, agentenbasierter Modellierung, Data Science, K\u00fcnstlicher Intelligenz; entweder angewandt auf praktische F\u00e4lle, oder als Weiterentwicklung dieser Methoden.<\/p>\n\n<p><strong>Anwendungen:<\/strong><br\/>&#8211; datenbasierte, quantitative Systemmodellierung (z. B. Simulationsmodelle, &#8230;)<br\/>&#8211; qualitative and explorative modeling (z.b. konzeptionelle Modelle, Soft-Systems-Methodiken, Kausalschleifen-Diagramme)<\/p>\n\n<p><strong>Die Entwicklung:<\/strong><br\/>&#8211; Studien, die es uns erm\u00f6glichen, Systemans\u00e4tze zu analytischen Methoden zu formalisieren.<\/p>\n\n<p>Sein Zweck ist die Unterst\u00fctzung und Anerkennung der wichtigen und geforderten Entwicklung der n\u00e4chsten Generation von Systemwissenschaftlern und Forschern, wobei der Schwerpunkt auf der methodischen Weiterentwicklung und den F\u00e4higkeiten f\u00fcr zukunftsorientierte L\u00f6sungen liegt.<\/p>\n\n<p>F\u00fcr Beitr\u00e4ge die sich mit Theorie, Erkenntnistheorie, Wissenschaftstheorie besch\u00e4ftigen, verweisen wir auf den <a href=\"https:\/\/www.bcsss.org\/de\/programme\/ludwig-von-bertalanffy-young-scientist-award\/\" target=\"_blank\" rel=\"noreferrer noopener\">Ludwig von Bertalanffy Young Scientist Award.<\/a><\/p>\n\n<h3>Vorteile<\/h3>\n\n<p>Die Gewinner werden mit einer Geldsumme von EUR 1.000,- pr\u00e4miert und auf den European Meetings on Cybernetics and Systems Research oder \u00e4hnlichen akademischen Partnerkonferenzen, in Pressemitteilungen zusammen mit akademischen Partnerverb\u00e4nden und durch breite professionelle Social Media Berichterstattung der BCSSS, vorgestellt. Alle ausgew\u00e4hlten Nominierten erhalten eine Ehrenurkunde.<\/p>\n\n<h3>Voraussetzungen<\/h3>\n\n<p>Die Thesis und zus\u00e4tzliche Dokumente m\u00fcssen in englischer Sprache eingereicht werden. Falls die Thesis in einer anderen europ\u00e4ischen Sprache verfasst wurde, muss f\u00fcr die Nominierung eine ausf\u00fchrliche Zusammenfassung der Thesis in englischer Sprache vorgelegt werden. Im weiteren Bewertungsverfahren kann der Antragsteller auf Anfrage des wissenschaftlichen Ausschusses aufgefordert werden, eine vollst\u00e4ndige \u00dcbersetzung vorzulegen.<\/p>\n\n<p>Um f\u00fcr den Preis in Frage zu kommen, muss ein\/e Kandidat\/in seine\/ihre Thesis innerhalb der letzten zwei Jahre verteidigt haben (Datum der Bewertung im Falle einer Masterarbeit).<\/p>\n\n<p>Die Selbstnominierung sollte enthalten:<\/p>\n\n<ol><li>ein ein- bis dreiseitiges Nominierungsschreiben, in dem die herausragende Forschungsleistung der Thesis hervorgehoben wird;<\/li><li>einen Lebenslauf des Kandidaten, der drei Seiten nicht \u00fcberschreiten sollte;<\/li><li>ein Exemplar der Thesis und<\/li><li>ein Schreiben eines Vorgesetzten oder Mentors, der die Nominierung unterst\u00fctzt.<\/li><\/ol>\n\n<p>Bei der Vorbereitung von Nominierungs- und Unterst\u00fctzungsschreiben und Lebenslauf k\u00f6nnen Sie zus\u00e4tzliche Informationen \u00fcber die Arbeit und den Werdegang des Nominierten bereitstellen. Bitte beachten Sie z. B. einen der folgenden Punkte, falls zutreffend:<\/p>\n\n<ul><li>Publikation der Ergebnisse;<\/li><li>Pr\u00e4sentation der Arbeit an einem anderen Ort als der Heimatinstitution;<\/li><li>Anerkennung durch die Universit\u00e4t des Studenten;<\/li><li>Zitierungen (z.B. \u00fcber Google Scholar oder in Vortr\u00e4gen) der Arbeit durch andere Forscher;<\/li><li>Anwendung der Arbeit in praktischen Bereichen, z.B. Industrie, Regierung, NGOs.<\/li><\/ul>\n\n<p>Der Einreichungslink wird einen Monat vor der Einreichungsfrist zur Verf\u00fcgung stehen.The submission link will be available a month prior to the submission deadline.<\/p>\n\n<p>Der Evaluierungsprozess findet innerhalb eines Zeitraums von drei Monaten statt. Die Gewinner werden schriftlich benachrichtigt.<\/p>\n\n<p>Der Preis wird f\u00fcr die Thesis vergeben, die das Preiskomitee f\u00fcr besonders herausragend h\u00e4lt. Die Auszeichnung bezieht sich ausschlie\u00dflich auf die Thesis selbst, nicht auf andere Arbeiten der Person.<\/p>\n\n<p>Da wir uns bewusst sind, dass Frauen in den Bereichen, auf die sich der Preis konzentriert, oft unterrepr\u00e4sentiert sind, sehen wir es als unsere Pflicht an, die Repr\u00e4sentation und wissenschaftliche Anerkennung von Frauen zu f\u00f6rdern und insbesondere junge Forscherinnen zu ermutigen, ihre Thesis einzureichen.<\/p>\n","protected":false},"excerpt":{"rendered":"<p>Der G\u00fcnther Ossimitz Memorial Award (GO Award) w\u00fcrdigt den vielversprechendsten Beitrag aus Wissenschaft und Forschung im Bereich der datenbasierten Systemmodellierung sowie anderer quantitativer, qualitativer und explorativer Modellierungs- und Analysemethoden, die eine Formalisierung von Systemans\u00e4tzen erm\u00f6glichen. Die Ausschreibung ist ab sofort bis zum 08. November 2019 ge\u00f6ffnet. Bewerben Sie sich jetzt&#8230;<\/p>\n","protected":false},"author":7,"featured_media":0,"parent":10429,"menu_order":0,"comment_status":"closed","ping_status":"closed","template":"","meta":[],"amp_enabled":true,"_links":{"self":[{"href":"https:\/\/www.bcsss.org\/de\/wp-json\/wp\/v2\/pages\/8921"}],"collection":[{"href":"https:\/\/www.bcsss.org\/de\/wp-json\/wp\/v2\/pages"}],"about":[{"href":"https:\/\/www.bcsss.org\/de\/wp-json\/wp\/v2\/types\/page"}],"author":[{"embeddable":true,"href":"https:\/\/www.bcsss.org\/de\/wp-json\/wp\/v2\/users\/7"}],"replies":[{"embeddable":true,"href":"https:\/\/www.bcsss.org\/de\/wp-json\/wp\/v2\/comments?post=8921"}],"version-history":[{"count":0,"href":"https:\/\/www.bcsss.org\/de\/wp-json\/wp\/v2\/pages\/8921\/revisions"}],"up":[{"embeddable":true,"href":"https:\/\/www.bcsss.org\/de\/wp-json\/wp\/v2\/pages\/10429"}],"wp:attachment":[{"href":"https:\/\/www.bcsss.org\/de\/wp-json\/wp\/v2\/media?parent=8921"}],"curies":[{"name":"wp","href":"https:\/\/api.w.org\/{rel}","templated":true}]}}