{"id":8923,"date":"2019-05-27T19:10:35","date_gmt":"2019-05-27T17:10:35","guid":{"rendered":"http:\/\/dev.bcsss.org\/ludwig-von-bertalanffy-young-scientist-award-winners\/"},"modified":"2021-02-18T14:49:23","modified_gmt":"2021-02-18T13:49:23","slug":"ludwig-von-bertalanffy-young-scientist-award-winners","status":"publish","type":"page","link":"https:\/\/www.bcsss.org\/de\/programme\/ludwig-von-bertalanffy-young-scientist-award\/ludwig-von-bertalanffy-young-scientist-award-winners\/","title":{"rendered":"Ludwig von Bertalanffy Young Scientist Award Winners"},"content":{"rendered":"\n<h2><strong>2016: Daniel Dick<\/strong><\/h2>\n\n<p>Wir freuen uns \u00fcber den Gewinner des Ludwig von Bertalanffy Young Scientist Award, Daniel Dick, und seinen Beitrag zum Thema &#8222;\u00dcberwindung von Missverst\u00e4ndnissen zwischen kulturellen und wissenschaftlichen Wissenssystemen&#8220;. Daniel Dick ist Masterstudent am Institut f\u00fcr <a href=\"https:\/\/sowi.univie.ac.at\/en\/departments\/social-and-cultural-anthropology\/\" target=\"_blank\" rel=\"noopener noreferrer\">Sozial- und Kulturanthropologie<\/a> der <a href=\"http:\/\/univie.academia.edu\/\">Universit\u00e4t Wien<\/a> und Mitbegr\u00fcnder der <a href=\"http:\/\/www.akademie-bewusstseinsforschung.at\/home\" target=\"_blank\" rel=\"noopener noreferrer\">Vienna Academy of Consciousness Studies.<\/a> Seine Forschungsschwerpunkte sind Religion, Wissenschaftsphilosophie und Ideologie, Ritualstudien, Kulturelle Evolution, Kultur\u00f6kologie und Bewusstseinsstudien.<\/p>\n\n<figure class=\"wp-block-image\"><a href=\"https:\/\/www.bcsss.org\/wp-content\/uploads\/2013\/06\/Foto_Dick.jpg\"><img loading=\"lazy\" width=\"216\" height=\"300\" src=\"https:\/\/www.bcsss.org\/wp-content\/uploads\/2013\/06\/Foto_Dick-216x300.jpg\" alt=\"Daniel Dick\" class=\"wp-image-3430\" srcset=\"https:\/\/www.bcsss.org\/wp-content\/uploads\/2013\/06\/Foto_Dick-216x300.jpg 216w, https:\/\/www.bcsss.org\/wp-content\/uploads\/2013\/06\/Foto_Dick-738x1024.jpg 738w, https:\/\/www.bcsss.org\/wp-content\/uploads\/2013\/06\/Foto_Dick-100x138.jpg 100w, https:\/\/www.bcsss.org\/wp-content\/uploads\/2013\/06\/Foto_Dick-150x207.jpg 150w, https:\/\/www.bcsss.org\/wp-content\/uploads\/2013\/06\/Foto_Dick-200x277.jpg 200w, https:\/\/www.bcsss.org\/wp-content\/uploads\/2013\/06\/Foto_Dick-300x415.jpg 300w, https:\/\/www.bcsss.org\/wp-content\/uploads\/2013\/06\/Foto_Dick-450x623.jpg 450w, https:\/\/www.bcsss.org\/wp-content\/uploads\/2013\/06\/Foto_Dick-600x831.jpg 600w, https:\/\/www.bcsss.org\/wp-content\/uploads\/2013\/06\/Foto_Dick.jpg 866w\" sizes=\"(max-width: 216px) 100vw, 216px\" \/><\/a><\/figure>\n\n<p>\u00a9 Vienna Academy of Consciousness Studies<\/p>\n\n<p><a href=\"https:\/\/www.bcsss.org\/wp-content\/uploads\/2013\/06\/Daniel-Dick-Ludwig-von-Bertalanffy-Young-Scientist-Award-emcsr-2016.pdf\" target=\"_blank\" rel=\"noopener noreferrer\">Lesen Sie seine preisgekr\u00f6nte Arbeit!<\/a><\/p>\n\n<h2><strong>2014: Katri-Liisa Pulkkinen<\/strong><\/h2>\n\n<p>Im Jahr 2014 war die Preistr\u00e4gerin Katri-Liisa Pulkkinen, Forscherin und Unternehmerin im Bereich Design &amp; Architektur am <a rel=\"noopener noreferrer\" href=\"http:\/\/builtenv.aalto.fi\/en\/\" target=\"_blank\">Department of Built Environment<\/a>, <a rel=\"noopener noreferrer\" href=\"http:\/\/eng.aalto.fi\/en\/\" target=\"_blank\">School of Engineering, Aalto University<\/a>, Finnland. Pulkkinens Beitrag stellte einen counterfoil zum &#8222;Top-down&#8220;-Leistungsmanagement dar und zeigte, wie Systeme durch Basisaktivismus ver\u00e4ndert werden k\u00f6nnen.<\/p>\n\n<figure class=\"wp-block-embed is-type-video is-provider-youtube wp-block-embed-youtube wp-embed-aspect-16-9 wp-has-aspect-ratio\"><div class=\"wp-block-embed__wrapper\">\n<iframe loading=\"lazy\" title=\"emcsr avantgarde 2016! We invite you!\" width=\"500\" height=\"281\" src=\"https:\/\/www.youtube.com\/embed\/zxk8sSzjIQ4?feature=oembed\" frameborder=\"0\" allow=\"accelerometer; autoplay; clipboard-write; encrypted-media; gyroscope; picture-in-picture\" allowfullscreen><\/iframe>\n<\/div><\/figure>\n\n<p>Lesen Sie ihre preisgekr\u00f6nte Arbeit:<\/p>\n\n<p><a href=\"http:\/\/www.systema-journal.org\/article\/view\/275\" target=\"_blank\" rel=\"noopener noreferrer\">\u201cA bottom-up way of building a system and changing perceptions \u2013 urban pioneers as a model for transformation for sustainability!\u201d<\/a><\/p>\n\n<h2><strong>2012: Jessica Dylan Foley<\/strong><\/h2>\n\n<p>Der Preis 2012 wurde an Jessica Dylan Foley vom Trinity College in Irland im Rahmen des PhD-Kolloquiums auf dem European Meeting on Cybernetics and Systems Research verliehen. Sie erhielt \u20ac 1.000,00. Das Bertalanffy Center hatte die International Academy of Systems and Cybernetic Sciences und die Giordano Bruno Globalshift University eingeladen, Delegierte in das Award Committee zu entsenden.<\/p>\n\n<figure class=\"wp-block-image\"><a href=\"https:\/\/www.bcsss.org\/wp-content\/uploads\/2012\/04\/jessica.jpg\"><img loading=\"lazy\" width=\"200\" height=\"300\" src=\"https:\/\/www.bcsss.org\/wp-content\/uploads\/2012\/04\/jessica-200x300.jpg\" alt=\"jessica\" class=\"wp-image-872\" srcset=\"https:\/\/www.bcsss.org\/wp-content\/uploads\/2012\/04\/jessica-200x300.jpg 200w, https:\/\/www.bcsss.org\/wp-content\/uploads\/2012\/04\/jessica.jpg 667w\" sizes=\"(max-width: 200px) 100vw, 200px\" \/><\/a><\/figure>\n\n<p>Lesen Sie ihre preisgekr\u00f6nte Arbeit:<\/p>\n\n<p><a href=\"http:\/\/www.systema-journal.org\/article\/view\/182\" target=\"_blank\" rel=\"noopener noreferrer\">&#8222;Futurian Poetry, Systems-Theory and Transdisciplinarity: A Case for Contiguous Analysis and possibilities for Literal-Metaphor within a Telecommunications Research Centre.&#8220;<\/a><\/p>\n","protected":false},"excerpt":{"rendered":"<p>2016: Daniel Dick Wir freuen uns \u00fcber den Gewinner des Ludwig von Bertalanffy Young Scientist Award, Daniel Dick, und seinen Beitrag zum Thema &#8222;\u00dcberwindung von Missverst\u00e4ndnissen zwischen kulturellen und wissenschaftlichen Wissenssystemen&#8220;. Daniel Dick ist Masterstudent am Institut f\u00fcr Sozial- und Kulturanthropologie der Universit\u00e4t Wien und Mitbegr\u00fcnder der Vienna Academy of&#8230;<\/p>\n","protected":false},"author":7,"featured_media":0,"parent":8867,"menu_order":0,"comment_status":"closed","ping_status":"closed","template":"","meta":[],"amp_enabled":true,"_links":{"self":[{"href":"https:\/\/www.bcsss.org\/de\/wp-json\/wp\/v2\/pages\/8923"}],"collection":[{"href":"https:\/\/www.bcsss.org\/de\/wp-json\/wp\/v2\/pages"}],"about":[{"href":"https:\/\/www.bcsss.org\/de\/wp-json\/wp\/v2\/types\/page"}],"author":[{"embeddable":true,"href":"https:\/\/www.bcsss.org\/de\/wp-json\/wp\/v2\/users\/7"}],"replies":[{"embeddable":true,"href":"https:\/\/www.bcsss.org\/de\/wp-json\/wp\/v2\/comments?post=8923"}],"version-history":[{"count":0,"href":"https:\/\/www.bcsss.org\/de\/wp-json\/wp\/v2\/pages\/8923\/revisions"}],"up":[{"embeddable":true,"href":"https:\/\/www.bcsss.org\/de\/wp-json\/wp\/v2\/pages\/8867"}],"wp:attachment":[{"href":"https:\/\/www.bcsss.org\/de\/wp-json\/wp\/v2\/media?parent=8923"}],"curies":[{"name":"wp","href":"https:\/\/api.w.org\/{rel}","templated":true}]}}